{"id":1338,"date":"2023-04-11T09:14:09","date_gmt":"2023-04-11T09:14:09","guid":{"rendered":"https:\/\/staytostay.ee\/apartemendid\/"},"modified":"2024-09-30T10:44:38","modified_gmt":"2024-09-30T10:44:38","slug":"apartemendid","status":"publish","type":"page","link":"https:\/\/staytostay.ee\/ru\/apartemendid\/","title":{"rendered":"\u0410\u041f\u0410\u0420\u0422\u0410\u041c\u0415\u041d\u0422\u042b"},"content":{"rendered":"\n<div class=\"wp-block-cover alignfull is-light\"><span aria-hidden=\"true\" class=\"wp-block-cover__background has-background-dim-20 has-background-dim\"><\/span><img loading=\"lazy\" decoding=\"async\" width=\"2560\" height=\"1706\" class=\"wp-block-cover__image-background wp-image-165\" alt=\"\" src=\"https:\/\/staytostay.ee\/wp-content\/uploads\/2023\/04\/Stat_to_stay_apartment_5-scaled.jpg\" style=\"object-position:45% 28%\" data-object-fit=\"cover\" data-object-position=\"45% 28%\" srcset=\"https:\/\/staytostay.ee\/wp-content\/uploads\/2023\/04\/Stat_to_stay_apartment_5-scaled.jpg 2560w, https:\/\/staytostay.ee\/wp-content\/uploads\/2023\/04\/Stat_to_stay_apartment_5-300x200.jpg 300w, https:\/\/staytostay.ee\/wp-content\/uploads\/2023\/04\/Stat_to_stay_apartment_5-1024x683.jpg 1024w, https:\/\/staytostay.ee\/wp-content\/uploads\/2023\/04\/Stat_to_stay_apartment_5-768x512.jpg 768w, https:\/\/staytostay.ee\/wp-content\/uploads\/2023\/04\/Stat_to_stay_apartment_5-1536x1024.jpg 1536w, https:\/\/staytostay.ee\/wp-content\/uploads\/2023\/04\/Stat_to_stay_apartment_5-2048x1365.jpg 2048w, https:\/\/staytostay.ee\/wp-content\/uploads\/2023\/04\/Stat_to_stay_apartment_5-1568x1045.jpg 1568w\" sizes=\"auto, (max-width: 2560px) 100vw, 2560px\" \/><div class=\"wp-block-cover__inner-container is-layout-flow wp-block-cover-is-layout-flow\">\n<h1 class=\"wp-block-heading has-text-align-center has-white-color has-text-color has-large-font-size\">MAGAMISTOAGA APARTEMENDID<\/h1>\n<\/div><\/div>\n\n<div style=\"height:30px\" aria-hidden=\"true\" class=\"wp-block-spacer\"><\/div>\n\n<div class=\"wp-block-columns alignfull is-layout-flex wp-container-core-columns-is-layout-a1d95526 wp-block-columns-is-layout-flex\" style=\"padding-top:var(--wp--preset--spacing--30);padding-right:var(--wp--preset--spacing--30);padding-bottom:var(--wp--preset--spacing--30);padding-left:var(--wp--preset--spacing--30)\">\n<div class=\"wp-block-column is-vertically-aligned-center wp-block-edhotels-first-column-in-mobile is-layout-flow wp-block-column-is-layout-flow\" style=\"padding-top:var(--wp--preset--spacing--40);padding-right:var(--wp--preset--spacing--40);padding-bottom:var(--wp--preset--spacing--40);padding-left:var(--wp--preset--spacing--40);flex-basis:33.33%\">\n<p class=\"has-text-align-center\"><strong>Magamistoaga apartemendid<\/strong> mahutavad maksimaalselt neli k\u00fclalist. V\u00f5imalik on ette tellida beebivoodi\/ lisavoodi. Igas apartemendis on eraldi magamistuba, laia kaheinimesevoodiga (160 x 200 cm). Avatud k\u00f6\u00f6giga elutoas on lisaks lahtik\u00e4iv diivanvoodi (140 x 190 cm). <\/p>\n\n\n\n<p><\/p>\n\n\n\n<p class=\"has-text-align-center\">Apartemendis on olemas k\u00f5ik esmavajalik m\u00f5nusaks peatuseks: k\u00f6\u00f6ginurk koos k\u00fclmiku, mikrolaineahju, pliidi ja toidun\u00f5udega, nutiteleviisor, kaabeltelevisioon ja privaatne vannituba. <\/p>\n\n\n\n<p class=\"has-text-align-center\">Igast apartemendist v\u00f5ib leida suure seinapildi, mis viib Teid hetkeks kaunisse Eestimaa loodusesse. <\/p>\n\n\n\n<p class=\"has-text-align-center\">Lisaks pakume oma k\u00fclalistele tasuta WiFi&#8217;t ja parkimist.<\/p>\n\n\n\n<div class=\"wp-block-buttons is-content-justification-center is-layout-flex wp-container-core-buttons-is-layout-16018d1d wp-block-buttons-is-layout-flex\">\n<div class=\"wp-block-button\"><a class=\"wp-block-button__link wp-element-button\" href=\"https:\/\/bouk.io\/booking\/staytostay\/448\/?language=ru\">BRONEERI<\/a><\/div>\n<\/div>\n<\/div>\n\n\n\n<div class=\"wp-block-column is-layout-flow wp-block-column-is-layout-flow\" style=\"flex-basis:66.66%\">\n<figure class=\"wp-block-gallery has-nested-images columns-default is-cropped wp-block-gallery-1 is-layout-flex wp-block-gallery-is-layout-flex\">\n<figure class=\"wp-block-image size-large\"><a href=\"https:\/\/staytostay.ee\/wp-content\/uploads\/2023\/04\/Stat_to_stay_apartment_12-scaled.jpg\"><img loading=\"lazy\" decoding=\"async\" width=\"1024\" height=\"683\" data-id=\"171\" src=\"https:\/\/staytostay.ee\/wp-content\/uploads\/2023\/04\/Stat_to_stay_apartment_12-1024x683.jpg\" alt=\"\" class=\"wp-image-171\" srcset=\"https:\/\/staytostay.ee\/wp-content\/uploads\/2023\/04\/Stat_to_stay_apartment_12-1024x683.jpg 1024w, https:\/\/staytostay.ee\/wp-content\/uploads\/2023\/04\/Stat_to_stay_apartment_12-300x200.jpg 300w, https:\/\/staytostay.ee\/wp-content\/uploads\/2023\/04\/Stat_to_stay_apartment_12-768x512.jpg 768w, https:\/\/staytostay.ee\/wp-content\/uploads\/2023\/04\/Stat_to_stay_apartment_12-1536x1024.jpg 1536w, https:\/\/staytostay.ee\/wp-content\/uploads\/2023\/04\/Stat_to_stay_apartment_12-2048x1365.jpg 2048w, https:\/\/staytostay.ee\/wp-content\/uploads\/2023\/04\/Stat_to_stay_apartment_12-1568x1045.jpg 1568w\" sizes=\"auto, (max-width: 1024px) 100vw, 1024px\" \/><\/a><\/figure>\n\n\n\n<figure class=\"wp-block-image size-large\"><a href=\"https:\/\/staytostay.ee\/wp-content\/uploads\/2023\/04\/Stat_to_stay_apartment_9-scaled.jpg\"><img loading=\"lazy\" decoding=\"async\" width=\"1024\" height=\"683\" data-id=\"173\" src=\"https:\/\/staytostay.ee\/wp-content\/uploads\/2023\/04\/Stat_to_stay_apartment_9-1024x683.jpg\" alt=\"\" class=\"wp-image-173\" srcset=\"https:\/\/staytostay.ee\/wp-content\/uploads\/2023\/04\/Stat_to_stay_apartment_9-1024x683.jpg 1024w, https:\/\/staytostay.ee\/wp-content\/uploads\/2023\/04\/Stat_to_stay_apartment_9-300x200.jpg 300w, https:\/\/staytostay.ee\/wp-content\/uploads\/2023\/04\/Stat_to_stay_apartment_9-768x512.jpg 768w, https:\/\/staytostay.ee\/wp-content\/uploads\/2023\/04\/Stat_to_stay_apartment_9-1536x1024.jpg 1536w, https:\/\/staytostay.ee\/wp-content\/uploads\/2023\/04\/Stat_to_stay_apartment_9-2048x1365.jpg 2048w, https:\/\/staytostay.ee\/wp-content\/uploads\/2023\/04\/Stat_to_stay_apartment_9-1568x1045.jpg 1568w\" sizes=\"auto, (max-width: 1024px) 100vw, 1024px\" \/><\/a><\/figure>\n\n\n\n<figure class=\"wp-block-image size-large\"><a href=\"https:\/\/staytostay.ee\/wp-content\/uploads\/2023\/04\/Stat_to_stay_apartment_7-scaled.jpg\"><img loading=\"lazy\" decoding=\"async\" width=\"1024\" height=\"683\" data-id=\"175\" src=\"https:\/\/staytostay.ee\/wp-content\/uploads\/2023\/04\/Stat_to_stay_apartment_7-1024x683.jpg\" alt=\"\" class=\"wp-image-175\" srcset=\"https:\/\/staytostay.ee\/wp-content\/uploads\/2023\/04\/Stat_to_stay_apartment_7-1024x683.jpg 1024w, https:\/\/staytostay.ee\/wp-content\/uploads\/2023\/04\/Stat_to_stay_apartment_7-300x200.jpg 300w, https:\/\/staytostay.ee\/wp-content\/uploads\/2023\/04\/Stat_to_stay_apartment_7-768x512.jpg 768w, https:\/\/staytostay.ee\/wp-content\/uploads\/2023\/04\/Stat_to_stay_apartment_7-1536x1024.jpg 1536w, https:\/\/staytostay.ee\/wp-content\/uploads\/2023\/04\/Stat_to_stay_apartment_7-2048x1365.jpg 2048w, https:\/\/staytostay.ee\/wp-content\/uploads\/2023\/04\/Stat_to_stay_apartment_7-1568x1045.jpg 1568w\" sizes=\"auto, (max-width: 1024px) 100vw, 1024px\" \/><\/a><\/figure>\n\n\n\n<figure class=\"wp-block-image size-large\"><a href=\"https:\/\/staytostay.ee\/wp-content\/uploads\/2023\/04\/Stat_to_stay_apartment_17-scaled.jpg\"><img loading=\"lazy\" decoding=\"async\" width=\"1024\" height=\"683\" data-id=\"177\" src=\"https:\/\/staytostay.ee\/wp-content\/uploads\/2023\/04\/Stat_to_stay_apartment_17-1024x683.jpg\" alt=\"\" class=\"wp-image-177\" srcset=\"https:\/\/staytostay.ee\/wp-content\/uploads\/2023\/04\/Stat_to_stay_apartment_17-1024x683.jpg 1024w, https:\/\/staytostay.ee\/wp-content\/uploads\/2023\/04\/Stat_to_stay_apartment_17-300x200.jpg 300w, https:\/\/staytostay.ee\/wp-content\/uploads\/2023\/04\/Stat_to_stay_apartment_17-768x512.jpg 768w, https:\/\/staytostay.ee\/wp-content\/uploads\/2023\/04\/Stat_to_stay_apartment_17-1536x1024.jpg 1536w, https:\/\/staytostay.ee\/wp-content\/uploads\/2023\/04\/Stat_to_stay_apartment_17-2048x1365.jpg 2048w, https:\/\/staytostay.ee\/wp-content\/uploads\/2023\/04\/Stat_to_stay_apartment_17-1568x1045.jpg 1568w\" sizes=\"auto, (max-width: 1024px) 100vw, 1024px\" \/><\/a><\/figure>\n\n\n\n<figure class=\"wp-block-image size-large\"><a href=\"https:\/\/staytostay.ee\/wp-content\/uploads\/2023\/04\/Stat_to_stay_apartment_16-scaled.jpg\"><img loading=\"lazy\" decoding=\"async\" width=\"1024\" height=\"683\" data-id=\"179\" src=\"https:\/\/staytostay.ee\/wp-content\/uploads\/2023\/04\/Stat_to_stay_apartment_16-1024x683.jpg\" alt=\"\" class=\"wp-image-179\" srcset=\"https:\/\/staytostay.ee\/wp-content\/uploads\/2023\/04\/Stat_to_stay_apartment_16-1024x683.jpg 1024w, https:\/\/staytostay.ee\/wp-content\/uploads\/2023\/04\/Stat_to_stay_apartment_16-300x200.jpg 300w, https:\/\/staytostay.ee\/wp-content\/uploads\/2023\/04\/Stat_to_stay_apartment_16-768x512.jpg 768w, https:\/\/staytostay.ee\/wp-content\/uploads\/2023\/04\/Stat_to_stay_apartment_16-1536x1024.jpg 1536w, https:\/\/staytostay.ee\/wp-content\/uploads\/2023\/04\/Stat_to_stay_apartment_16-2048x1365.jpg 2048w, https:\/\/staytostay.ee\/wp-content\/uploads\/2023\/04\/Stat_to_stay_apartment_16-1568x1045.jpg 1568w\" sizes=\"auto, (max-width: 1024px) 100vw, 1024px\" \/><\/a><\/figure>\n<\/figure>\n<\/div>\n<\/div>\n<div style=\"border:1px solid #c39350\" class=\"alignwide\">\n<div class=\"wp-block-group alignwide has-border is-layout-constrained wp-block-group-is-layout-constrained\">\n<div class=\"wp-block-columns alignwide has-black-color has-white-background-color has-text-color has-background is-layout-flex wp-container-core-columns-is-layout-a1d95526 wp-block-columns-is-layout-flex\" style=\"padding-top:var(--wp--preset--spacing--30);padding-right:var(--wp--preset--spacing--30);padding-bottom:var(--wp--preset--spacing--30);padding-left:var(--wp--preset--spacing--30)\">\n<div class=\"wp-block-column is-layout-flow wp-block-column-is-layout-flow\" style=\"padding-top:0;padding-right:0;padding-bottom:0;padding-left:0\">\n<div style=\"height:10px\" aria-hidden=\"true\" class=\"wp-block-spacer\"><\/div>\n\n\n\n<figure class=\"wp-block-image aligncenter size-full\"><img loading=\"lazy\" decoding=\"async\" width=\"32\" height=\"32\" src=\"https:\/\/staytostay.ee\/wp-content\/uploads\/2023\/04\/room.png\" alt=\"\" class=\"wp-image-616\"\/><\/figure>\n\n\n\n<h5 class=\"wp-block-heading has-text-align-center\">Privaatne magamistuba<\/h5>\n\n\n\n<p><\/p>\n<\/div>\n\n\n\n<div class=\"wp-block-column is-layout-flow wp-block-column-is-layout-flow\">\n<div style=\"height:10px\" aria-hidden=\"true\" class=\"wp-block-spacer\"><\/div>\n\n\n\n<figure class=\"wp-block-image aligncenter size-full\"><img loading=\"lazy\" decoding=\"async\" width=\"32\" height=\"32\" src=\"https:\/\/staytostay.ee\/wp-content\/uploads\/2023\/04\/sofa-bed-1.png\" alt=\"\" class=\"wp-image-614\"\/><\/figure>\n\n\n\n<h5 class=\"wp-block-heading has-text-align-center\">Elutoas diivanvoodi kahele inimesele<\/h5>\n<\/div>\n\n\n\n<div class=\"wp-block-column is-layout-flow wp-block-column-is-layout-flow\">\n<div style=\"height:10px\" aria-hidden=\"true\" class=\"wp-block-spacer\"><\/div>\n\n\n\n<figure class=\"wp-block-image aligncenter size-full\"><img loading=\"lazy\" decoding=\"async\" width=\"32\" height=\"32\" src=\"https:\/\/staytostay.ee\/wp-content\/uploads\/2023\/04\/kitchen-set-2.png\" alt=\"\" class=\"wp-image-612\"\/><\/figure>\n\n\n\n<h5 class=\"wp-block-heading has-text-align-center\">T\u00e4isvarustusega k\u00f6\u00f6k<\/h5>\n<\/div>\n\n\n\n<div class=\"wp-block-column is-layout-flow wp-block-column-is-layout-flow\">\n<div style=\"height:10px\" aria-hidden=\"true\" class=\"wp-block-spacer\"><\/div>\n\n\n\n<figure class=\"wp-block-image aligncenter size-full\"><img loading=\"lazy\" decoding=\"async\" width=\"32\" height=\"32\" src=\"https:\/\/staytostay.ee\/wp-content\/uploads\/2023\/04\/tea-cup-2.png\" alt=\"\" class=\"wp-image-610\"\/><\/figure>\n\n\n\n<h5 class=\"wp-block-heading has-text-align-center\"><a href=\"https:\/\/gohotels.ee\/go-green\/\"><mark style=\"background-color:rgba(0, 0, 0, 0);color:#000000\" class=\"has-inline-color\">H<\/mark><\/a>ommikul aitab \u00e4rgata kohv ja tee<\/h5>\n<\/div>\n<\/div>\n<\/div>\n<\/div>","protected":false},"excerpt":{"rendered":"<p>Magamistoaga apartemendid mahutavad maksimaalselt neli k\u00fclalist. V\u00f5imalik on ette tellida beebivoodi\/ lisavoodi. Igas apartemendis on eraldi magamistuba, laia kaheinimesevoodiga (160 x 200 cm). Avatud k\u00f6\u00f6giga elutoas on lisaks lahtik\u00e4iv diivanvoodi (140 x 190 cm). Apartemendis on olemas k\u00f5ik esmavajalik m\u00f5nusaks peatuseks: k\u00f6\u00f6ginurk koos k\u00fclmiku, mikrolaineahju, pliidi ja toidun\u00f5udega, nutiteleviisor, kaabeltelevisioon ja privaatne vannituba. Igast apartemendist [&hellip;]<\/p>\n","protected":false},"author":2,"featured_media":0,"parent":0,"menu_order":0,"comment_status":"closed","ping_status":"closed","template":"","meta":{"inline_featured_image":false,"footnotes":""},"class_list":["post-1338","page","type-page","status-publish","hentry"],"yoast_head":"<!-- This site is optimized with the Yoast SEO plugin v27.4 - https:\/\/yoast.com\/product\/yoast-seo-wordpress\/ -->\n<title>\u0410\u041f\u0410\u0420\u0422\u0410\u041c\u0415\u041d\u0422\u042b - Stay to Stay<\/title>\n<meta name=\"robots\" content=\"index, follow, max-snippet:-1, max-image-preview:large, max-video-preview:-1\" \/>\n<link rel=\"canonical\" href=\"https:\/\/staytostay.ee\/ru\/apartemendid\/\" \/>\n<meta property=\"og:locale\" content=\"ru_RU\" \/>\n<meta property=\"og:type\" content=\"article\" \/>\n<meta property=\"og:title\" content=\"\u0410\u041f\u0410\u0420\u0422\u0410\u041c\u0415\u041d\u0422\u042b - Stay to Stay\" \/>\n<meta property=\"og:description\" content=\"Magamistoaga apartemendid mahutavad maksimaalselt neli k\u00fclalist. V\u00f5imalik on ette tellida beebivoodi\/ lisavoodi. Igas apartemendis on eraldi magamistuba, laia kaheinimesevoodiga (160 x 200 cm). Avatud k\u00f6\u00f6giga elutoas on lisaks lahtik\u00e4iv diivanvoodi (140 x 190 cm). Apartemendis on olemas k\u00f5ik esmavajalik m\u00f5nusaks peatuseks: k\u00f6\u00f6ginurk koos k\u00fclmiku, mikrolaineahju, pliidi ja toidun\u00f5udega, nutiteleviisor, kaabeltelevisioon ja privaatne vannituba. Igast apartemendist [&hellip;]\" \/>\n<meta property=\"og:url\" content=\"https:\/\/staytostay.ee\/ru\/apartemendid\/\" \/>\n<meta property=\"og:site_name\" content=\"Stay to Stay\" \/>\n<meta property=\"article:modified_time\" content=\"2024-09-30T10:44:38+00:00\" \/>\n<meta property=\"og:image\" content=\"https:\/\/staytostay.ee\/wp-content\/uploads\/2023\/04\/Stat_to_stay_apartment_5-scaled.jpg\" \/>\n<meta name=\"twitter:card\" content=\"summary_large_image\" \/>\n<meta name=\"twitter:label1\" content=\"\u041f\u0440\u0438\u043c\u0435\u0440\u043d\u043e\u0435 \u0432\u0440\u0435\u043c\u044f \u0434\u043b\u044f \u0447\u0442\u0435\u043d\u0438\u044f\" \/>\n\t<meta name=\"twitter:data1\" content=\"3 \u043c\u0438\u043d\u0443\u0442\u044b\" \/>\n<script type=\"application\/ld+json\" class=\"yoast-schema-graph\">{\"@context\":\"https:\\\/\\\/schema.org\",\"@graph\":[{\"@type\":\"WebPage\",\"@id\":\"https:\\\/\\\/staytostay.ee\\\/ru\\\/apartemendid\\\/\",\"url\":\"https:\\\/\\\/staytostay.ee\\\/ru\\\/apartemendid\\\/\",\"name\":\"\u0410\u041f\u0410\u0420\u0422\u0410\u041c\u0415\u041d\u0422\u042b - Stay to Stay\",\"isPartOf\":{\"@id\":\"https:\\\/\\\/staytostay.ee\\\/#website\"},\"primaryImageOfPage\":{\"@id\":\"https:\\\/\\\/staytostay.ee\\\/ru\\\/apartemendid\\\/#primaryimage\"},\"image\":{\"@id\":\"https:\\\/\\\/staytostay.ee\\\/ru\\\/apartemendid\\\/#primaryimage\"},\"thumbnailUrl\":\"https:\\\/\\\/staytostay.ee\\\/wp-content\\\/uploads\\\/2023\\\/04\\\/Stat_to_stay_apartment_5-scaled.jpg\",\"datePublished\":\"2023-04-11T09:14:09+00:00\",\"dateModified\":\"2024-09-30T10:44:38+00:00\",\"breadcrumb\":{\"@id\":\"https:\\\/\\\/staytostay.ee\\\/ru\\\/apartemendid\\\/#breadcrumb\"},\"inLanguage\":\"ru-RU\",\"potentialAction\":[{\"@type\":\"ReadAction\",\"target\":[\"https:\\\/\\\/staytostay.ee\\\/ru\\\/apartemendid\\\/\"]}]},{\"@type\":\"ImageObject\",\"inLanguage\":\"ru-RU\",\"@id\":\"https:\\\/\\\/staytostay.ee\\\/ru\\\/apartemendid\\\/#primaryimage\",\"url\":\"https:\\\/\\\/staytostay.ee\\\/wp-content\\\/uploads\\\/2023\\\/04\\\/Stat_to_stay_apartment_5-scaled.jpg\",\"contentUrl\":\"https:\\\/\\\/staytostay.ee\\\/wp-content\\\/uploads\\\/2023\\\/04\\\/Stat_to_stay_apartment_5-scaled.jpg\"},{\"@type\":\"BreadcrumbList\",\"@id\":\"https:\\\/\\\/staytostay.ee\\\/ru\\\/apartemendid\\\/#breadcrumb\",\"itemListElement\":[{\"@type\":\"ListItem\",\"position\":1,\"name\":\"Home\",\"item\":\"https:\\\/\\\/staytostay.ee\\\/ru\\\/\"},{\"@type\":\"ListItem\",\"position\":2,\"name\":\"\u0410\u041f\u0410\u0420\u0422\u0410\u041c\u0415\u041d\u0422\u042b\"}]},{\"@type\":\"WebSite\",\"@id\":\"https:\\\/\\\/staytostay.ee\\\/#website\",\"url\":\"https:\\\/\\\/staytostay.ee\\\/\",\"name\":\"Stay to Stay\",\"description\":\"\",\"potentialAction\":[{\"@type\":\"SearchAction\",\"target\":{\"@type\":\"EntryPoint\",\"urlTemplate\":\"https:\\\/\\\/staytostay.ee\\\/?s={search_term_string}\"},\"query-input\":{\"@type\":\"PropertyValueSpecification\",\"valueRequired\":true,\"valueName\":\"search_term_string\"}}],\"inLanguage\":\"ru-RU\"}]}<\/script>\n<!-- \/ Yoast SEO plugin. -->","yoast_head_json":{"title":"\u0410\u041f\u0410\u0420\u0422\u0410\u041c\u0415\u041d\u0422\u042b - Stay to Stay","robots":{"index":"index","follow":"follow","max-snippet":"max-snippet:-1","max-image-preview":"max-image-preview:large","max-video-preview":"max-video-preview:-1"},"canonical":"https:\/\/staytostay.ee\/ru\/apartemendid\/","og_locale":"ru_RU","og_type":"article","og_title":"\u0410\u041f\u0410\u0420\u0422\u0410\u041c\u0415\u041d\u0422\u042b - Stay to Stay","og_description":"Magamistoaga apartemendid mahutavad maksimaalselt neli k\u00fclalist. V\u00f5imalik on ette tellida beebivoodi\/ lisavoodi. Igas apartemendis on eraldi magamistuba, laia kaheinimesevoodiga (160 x 200 cm). Avatud k\u00f6\u00f6giga elutoas on lisaks lahtik\u00e4iv diivanvoodi (140 x 190 cm). Apartemendis on olemas k\u00f5ik esmavajalik m\u00f5nusaks peatuseks: k\u00f6\u00f6ginurk koos k\u00fclmiku, mikrolaineahju, pliidi ja toidun\u00f5udega, nutiteleviisor, kaabeltelevisioon ja privaatne vannituba. Igast apartemendist [&hellip;]","og_url":"https:\/\/staytostay.ee\/ru\/apartemendid\/","og_site_name":"Stay to Stay","article_modified_time":"2024-09-30T10:44:38+00:00","og_image":[{"url":"https:\/\/staytostay.ee\/wp-content\/uploads\/2023\/04\/Stat_to_stay_apartment_5-scaled.jpg","type":"","width":"","height":""}],"twitter_card":"summary_large_image","twitter_misc":{"\u041f\u0440\u0438\u043c\u0435\u0440\u043d\u043e\u0435 \u0432\u0440\u0435\u043c\u044f \u0434\u043b\u044f \u0447\u0442\u0435\u043d\u0438\u044f":"3 \u043c\u0438\u043d\u0443\u0442\u044b"},"schema":{"@context":"https:\/\/schema.org","@graph":[{"@type":"WebPage","@id":"https:\/\/staytostay.ee\/ru\/apartemendid\/","url":"https:\/\/staytostay.ee\/ru\/apartemendid\/","name":"\u0410\u041f\u0410\u0420\u0422\u0410\u041c\u0415\u041d\u0422\u042b - Stay to Stay","isPartOf":{"@id":"https:\/\/staytostay.ee\/#website"},"primaryImageOfPage":{"@id":"https:\/\/staytostay.ee\/ru\/apartemendid\/#primaryimage"},"image":{"@id":"https:\/\/staytostay.ee\/ru\/apartemendid\/#primaryimage"},"thumbnailUrl":"https:\/\/staytostay.ee\/wp-content\/uploads\/2023\/04\/Stat_to_stay_apartment_5-scaled.jpg","datePublished":"2023-04-11T09:14:09+00:00","dateModified":"2024-09-30T10:44:38+00:00","breadcrumb":{"@id":"https:\/\/staytostay.ee\/ru\/apartemendid\/#breadcrumb"},"inLanguage":"ru-RU","potentialAction":[{"@type":"ReadAction","target":["https:\/\/staytostay.ee\/ru\/apartemendid\/"]}]},{"@type":"ImageObject","inLanguage":"ru-RU","@id":"https:\/\/staytostay.ee\/ru\/apartemendid\/#primaryimage","url":"https:\/\/staytostay.ee\/wp-content\/uploads\/2023\/04\/Stat_to_stay_apartment_5-scaled.jpg","contentUrl":"https:\/\/staytostay.ee\/wp-content\/uploads\/2023\/04\/Stat_to_stay_apartment_5-scaled.jpg"},{"@type":"BreadcrumbList","@id":"https:\/\/staytostay.ee\/ru\/apartemendid\/#breadcrumb","itemListElement":[{"@type":"ListItem","position":1,"name":"Home","item":"https:\/\/staytostay.ee\/ru\/"},{"@type":"ListItem","position":2,"name":"\u0410\u041f\u0410\u0420\u0422\u0410\u041c\u0415\u041d\u0422\u042b"}]},{"@type":"WebSite","@id":"https:\/\/staytostay.ee\/#website","url":"https:\/\/staytostay.ee\/","name":"Stay to Stay","description":"","potentialAction":[{"@type":"SearchAction","target":{"@type":"EntryPoint","urlTemplate":"https:\/\/staytostay.ee\/?s={search_term_string}"},"query-input":{"@type":"PropertyValueSpecification","valueRequired":true,"valueName":"search_term_string"}}],"inLanguage":"ru-RU"}]}},"_links":{"self":[{"href":"https:\/\/staytostay.ee\/ru\/wp-json\/wp\/v2\/pages\/1338","targetHints":{"allow":["GET"]}}],"collection":[{"href":"https:\/\/staytostay.ee\/ru\/wp-json\/wp\/v2\/pages"}],"about":[{"href":"https:\/\/staytostay.ee\/ru\/wp-json\/wp\/v2\/types\/page"}],"author":[{"embeddable":true,"href":"https:\/\/staytostay.ee\/ru\/wp-json\/wp\/v2\/users\/2"}],"replies":[{"embeddable":true,"href":"https:\/\/staytostay.ee\/ru\/wp-json\/wp\/v2\/comments?post=1338"}],"version-history":[{"count":5,"href":"https:\/\/staytostay.ee\/ru\/wp-json\/wp\/v2\/pages\/1338\/revisions"}],"predecessor-version":[{"id":1544,"href":"https:\/\/staytostay.ee\/ru\/wp-json\/wp\/v2\/pages\/1338\/revisions\/1544"}],"wp:attachment":[{"href":"https:\/\/staytostay.ee\/ru\/wp-json\/wp\/v2\/media?parent=1338"}],"curies":[{"name":"wp","href":"https:\/\/api.w.org\/{rel}","templated":true}]}}