{"id":1355,"date":"2023-04-12T13:05:24","date_gmt":"2023-04-12T13:05:24","guid":{"rendered":"https:\/\/staytostay.ee\/parkimine-ja-tingimused\/"},"modified":"2023-07-10T12:09:55","modified_gmt":"2023-07-10T12:09:55","slug":"parkimine-ja-tingimused","status":"publish","type":"page","link":"https:\/\/staytostay.ee\/lv\/parkimine-ja-tingimused\/","title":{"rendered":"NOSAC\u012aJUMI"},"content":{"rendered":"\n<div class=\"wp-block-cover alignfull is-light\" style=\"min-height:430px;aspect-ratio:unset;\"><span aria-hidden=\"true\" class=\"wp-block-cover__background has-background-dim-30 has-background-dim\"><\/span><img loading=\"lazy\" decoding=\"async\" width=\"2560\" height=\"1706\" class=\"wp-block-cover__image-background wp-image-448\" alt=\"\" src=\"https:\/\/staytostay.ee\/wp-content\/uploads\/2023\/04\/Stay_to_stay_house_3-1-scaled.jpg\" data-object-fit=\"cover\" srcset=\"https:\/\/staytostay.ee\/wp-content\/uploads\/2023\/04\/Stay_to_stay_house_3-1-scaled.jpg 2560w, https:\/\/staytostay.ee\/wp-content\/uploads\/2023\/04\/Stay_to_stay_house_3-1-300x200.jpg 300w, https:\/\/staytostay.ee\/wp-content\/uploads\/2023\/04\/Stay_to_stay_house_3-1-1024x683.jpg 1024w, https:\/\/staytostay.ee\/wp-content\/uploads\/2023\/04\/Stay_to_stay_house_3-1-768x512.jpg 768w, https:\/\/staytostay.ee\/wp-content\/uploads\/2023\/04\/Stay_to_stay_house_3-1-1536x1024.jpg 1536w, https:\/\/staytostay.ee\/wp-content\/uploads\/2023\/04\/Stay_to_stay_house_3-1-2048x1365.jpg 2048w, https:\/\/staytostay.ee\/wp-content\/uploads\/2023\/04\/Stay_to_stay_house_3-1-1568x1045.jpg 1568w\" sizes=\"auto, (max-width: 2560px) 100vw, 2560px\" \/><div class=\"wp-block-cover__inner-container is-layout-flow wp-block-cover-is-layout-flow\">\n<h1 class=\"wp-block-heading has-text-align-center has-white-color has-text-color has-large-font-size\">NOSAC\u012aJUMI<\/h1>\n<\/div><\/div>\n\n\n\n<div style=\"height:30px\" aria-hidden=\"true\" class=\"wp-block-spacer\"><\/div>\n\n\n\n<h2 class=\"wp-block-heading has-text-align-center\">NOSAC\u012aJUMI<\/h2>\n\n\n\n<div style=\"height:31px\" aria-hidden=\"true\" class=\"wp-block-spacer\"><\/div>\n\n\n\n<div class=\"wp-block-columns alignwide is-layout-flex wp-container-core-columns-is-layout-9d6595d7 wp-block-columns-is-layout-flex\">\n<div class=\"wp-block-column is-layout-flow wp-block-column-is-layout-flow\">\n<p class=\"has-text-align-left\">Apartamenti ir J\u016bsu lieto\u0161an\u0101 iera\u0161an\u0101s dien\u0101 no plkst. 15:00 l\u012bdz plkst. 12:00 izbrauk\u0161anas dien\u0101.<\/p>\n<\/div>\n\n\n\n<div class=\"wp-block-column is-layout-flow wp-block-column-is-layout-flow\">\n<p class=\"has-text-align-left\">Piek\u013cuve apartamentiem ir bezkontakta ar durvju kodu. Durvju kodi ir person\u0101li, k\u0101 ar\u012b tiks nos\u016bt\u012bti Jums ar SMS \u012bsi pirms J\u016bsu iera\u0161an\u0101s.&nbsp;<\/p>\n\n\n\n<p class=\"has-text-align-left\"><\/p>\n<\/div>\n\n\n\n<div class=\"wp-block-column is-layout-flow wp-block-column-is-layout-flow\">\n<p class=\"has-text-align-left\">Apartamentos var pat\u012bkami atp\u016bsties un labi pavad\u012bt laiku kop\u0101 ar partneri vai \u0123imeni, ta\u010du ball\u012btes un citi pas\u0101kumi \u0161eit nav at\u013cauti.<\/p>\n\n\n\n<p><\/p>\n<\/div>\n<\/div>\n\n\n\n<div style=\"height:48px\" aria-hidden=\"true\" class=\"wp-block-spacer\"><\/div>\n\n\n\n<div class=\"wp-block-columns alignwide are-vertically-aligned-center is-layout-flex wp-container-core-columns-is-layout-9d6595d7 wp-block-columns-is-layout-flex\">\n<div class=\"wp-block-column is-vertically-aligned-center is-layout-flow wp-block-column-is-layout-flow\">\n<p class=\"has-text-align-left\">Sm\u0113\u0137\u0113\u0161ana apartamentos nav at\u013cauta. Tam paredz\u0113t\u0101 sm\u0113\u0137\u0113t\u0101ju zona ir atrodama autost\u0101vvietas sh\u0113m\u0101.&nbsp;<\/p>\n<\/div>\n\n\n\n<div class=\"wp-block-column is-vertically-aligned-center is-layout-flow wp-block-column-is-layout-flow\">\n<p class=\"has-text-align-left\">Naktsmiers un klusais periods ir laika posm\u0101 no&nbsp;plkst. 22:00 l\u012bdz plkst. 06:00.<\/p>\n<\/div>\n\n\n\n<div class=\"wp-block-column is-vertically-aligned-center is-layout-flow wp-block-column-is-layout-flow\">\n<p class=\"has-text-align-left\">Dz\u012bvok\u013ci nav piem\u0113roti m\u012b\u013cdz\u012bvniekiem.<\/p>\n<\/div>\n<\/div>\n\n\n\n<div style=\"height:50px\" aria-hidden=\"true\" class=\"wp-block-spacer\"><\/div>\n\n\n\n<h2 class=\"wp-block-heading has-text-align-center\">AUTOST\u0100VVIETA<\/h2>\n\n\n\n<div style=\"height:20px\" aria-hidden=\"true\" class=\"wp-block-spacer\"><\/div>\n\n\n\n<p class=\"has-text-align-center\">Stay to Stay Apartments viesiem pied\u0101v\u0101jam bezmaksas autost\u0101vvietas \u0113kas iek\u0161pagalm\u0101. Stay to Stay Apartments autost\u0101vvietu atra\u0161an\u0101s vietas varat atrast \u0161aj\u0101 kart\u0113.<\/p>\n\n\n\n<div style=\"height:32px\" aria-hidden=\"true\" class=\"wp-block-spacer\"><\/div>\n\n\n\n<figure class=\"wp-block-image size-large\"><img loading=\"lazy\" decoding=\"async\" width=\"1024\" height=\"974\" src=\"https:\/\/staytostay.ee\/wp-content\/uploads\/2023\/04\/StaytoStay-parking--1024x974.jpg\" alt=\"\" class=\"wp-image-523\" srcset=\"https:\/\/staytostay.ee\/wp-content\/uploads\/2023\/04\/StaytoStay-parking--1024x974.jpg 1024w, https:\/\/staytostay.ee\/wp-content\/uploads\/2023\/04\/StaytoStay-parking--300x285.jpg 300w, https:\/\/staytostay.ee\/wp-content\/uploads\/2023\/04\/StaytoStay-parking--768x730.jpg 768w, https:\/\/staytostay.ee\/wp-content\/uploads\/2023\/04\/StaytoStay-parking-.jpg 1200w\" sizes=\"auto, (max-width: 1024px) 100vw, 1024px\" \/><\/figure>\n","protected":false},"excerpt":{"rendered":"<p>NOSAC\u012aJUMI Apartamenti ir J\u016bsu lieto\u0161an\u0101 iera\u0161an\u0101s dien\u0101 no plkst. 15:00 l\u012bdz plkst. 12:00 izbrauk\u0161anas dien\u0101. Piek\u013cuve apartamentiem ir bezkontakta ar durvju kodu. Durvju kodi ir person\u0101li, k\u0101 ar\u012b tiks nos\u016bt\u012bti Jums ar SMS \u012bsi pirms J\u016bsu iera\u0161an\u0101s.&nbsp; Apartamentos var pat\u012bkami atp\u016bsties un labi pavad\u012bt laiku kop\u0101 ar partneri vai \u0123imeni, ta\u010du ball\u012btes un citi pas\u0101kumi [&hellip;]<\/p>\n","protected":false},"author":2,"featured_media":0,"parent":0,"menu_order":0,"comment_status":"closed","ping_status":"closed","template":"","meta":{"inline_featured_image":false,"footnotes":""},"class_list":["post-1355","page","type-page","status-publish","hentry"],"yoast_head":"<!-- This site is optimized with the Yoast SEO plugin v27.4 - https:\/\/yoast.com\/product\/yoast-seo-wordpress\/ -->\n<title>NOSAC\u012aJUMI - Stay to Stay<\/title>\n<meta name=\"robots\" content=\"index, follow, max-snippet:-1, max-image-preview:large, max-video-preview:-1\" \/>\n<link rel=\"canonical\" href=\"https:\/\/staytostay.ee\/lv\/parkimine-ja-tingimused\/\" \/>\n<meta property=\"og:locale\" content=\"lv_LV\" \/>\n<meta property=\"og:type\" content=\"article\" \/>\n<meta property=\"og:title\" content=\"NOSAC\u012aJUMI - Stay to Stay\" \/>\n<meta property=\"og:description\" content=\"NOSAC\u012aJUMI Apartamenti ir J\u016bsu lieto\u0161an\u0101 iera\u0161an\u0101s dien\u0101 no plkst. 15:00 l\u012bdz plkst. 12:00 izbrauk\u0161anas dien\u0101. Piek\u013cuve apartamentiem ir bezkontakta ar durvju kodu. Durvju kodi ir person\u0101li, k\u0101 ar\u012b tiks nos\u016bt\u012bti Jums ar SMS \u012bsi pirms J\u016bsu iera\u0161an\u0101s.&nbsp; Apartamentos var pat\u012bkami atp\u016bsties un labi pavad\u012bt laiku kop\u0101 ar partneri vai \u0123imeni, ta\u010du ball\u012btes un citi pas\u0101kumi [&hellip;]\" \/>\n<meta property=\"og:url\" content=\"https:\/\/staytostay.ee\/lv\/parkimine-ja-tingimused\/\" \/>\n<meta property=\"og:site_name\" content=\"Stay to Stay\" \/>\n<meta property=\"article:modified_time\" content=\"2023-07-10T12:09:55+00:00\" \/>\n<meta property=\"og:image\" content=\"https:\/\/staytostay.ee\/wp-content\/uploads\/2023\/04\/Stay_to_stay_house_3-1-scaled.jpg\" \/>\n<meta name=\"twitter:card\" content=\"summary_large_image\" \/>\n<meta name=\"twitter:label1\" content=\"Est. reading time\" \/>\n\t<meta name=\"twitter:data1\" content=\"2 minutes\" \/>\n<script type=\"application\/ld+json\" class=\"yoast-schema-graph\">{\"@context\":\"https:\\\/\\\/schema.org\",\"@graph\":[{\"@type\":\"WebPage\",\"@id\":\"https:\\\/\\\/staytostay.ee\\\/lv\\\/parkimine-ja-tingimused\\\/\",\"url\":\"https:\\\/\\\/staytostay.ee\\\/lv\\\/parkimine-ja-tingimused\\\/\",\"name\":\"NOSAC\u012aJUMI - Stay to Stay\",\"isPartOf\":{\"@id\":\"https:\\\/\\\/staytostay.ee\\\/#website\"},\"primaryImageOfPage\":{\"@id\":\"https:\\\/\\\/staytostay.ee\\\/lv\\\/parkimine-ja-tingimused\\\/#primaryimage\"},\"image\":{\"@id\":\"https:\\\/\\\/staytostay.ee\\\/lv\\\/parkimine-ja-tingimused\\\/#primaryimage\"},\"thumbnailUrl\":\"https:\\\/\\\/staytostay.ee\\\/wp-content\\\/uploads\\\/2023\\\/04\\\/Stay_to_stay_house_3-1-scaled.jpg\",\"datePublished\":\"2023-04-12T13:05:24+00:00\",\"dateModified\":\"2023-07-10T12:09:55+00:00\",\"breadcrumb\":{\"@id\":\"https:\\\/\\\/staytostay.ee\\\/lv\\\/parkimine-ja-tingimused\\\/#breadcrumb\"},\"inLanguage\":\"lv-LV\",\"potentialAction\":[{\"@type\":\"ReadAction\",\"target\":[\"https:\\\/\\\/staytostay.ee\\\/lv\\\/parkimine-ja-tingimused\\\/\"]}]},{\"@type\":\"ImageObject\",\"inLanguage\":\"lv-LV\",\"@id\":\"https:\\\/\\\/staytostay.ee\\\/lv\\\/parkimine-ja-tingimused\\\/#primaryimage\",\"url\":\"https:\\\/\\\/staytostay.ee\\\/wp-content\\\/uploads\\\/2023\\\/04\\\/Stay_to_stay_house_3-1-scaled.jpg\",\"contentUrl\":\"https:\\\/\\\/staytostay.ee\\\/wp-content\\\/uploads\\\/2023\\\/04\\\/Stay_to_stay_house_3-1-scaled.jpg\"},{\"@type\":\"BreadcrumbList\",\"@id\":\"https:\\\/\\\/staytostay.ee\\\/lv\\\/parkimine-ja-tingimused\\\/#breadcrumb\",\"itemListElement\":[{\"@type\":\"ListItem\",\"position\":1,\"name\":\"Home\",\"item\":\"https:\\\/\\\/staytostay.ee\\\/lv\\\/\"},{\"@type\":\"ListItem\",\"position\":2,\"name\":\"NOSAC\u012aJUMI\"}]},{\"@type\":\"WebSite\",\"@id\":\"https:\\\/\\\/staytostay.ee\\\/#website\",\"url\":\"https:\\\/\\\/staytostay.ee\\\/\",\"name\":\"Stay to Stay\",\"description\":\"\",\"potentialAction\":[{\"@type\":\"SearchAction\",\"target\":{\"@type\":\"EntryPoint\",\"urlTemplate\":\"https:\\\/\\\/staytostay.ee\\\/?s={search_term_string}\"},\"query-input\":{\"@type\":\"PropertyValueSpecification\",\"valueRequired\":true,\"valueName\":\"search_term_string\"}}],\"inLanguage\":\"lv-LV\"}]}<\/script>\n<!-- \/ Yoast SEO plugin. -->","yoast_head_json":{"title":"NOSAC\u012aJUMI - Stay to Stay","robots":{"index":"index","follow":"follow","max-snippet":"max-snippet:-1","max-image-preview":"max-image-preview:large","max-video-preview":"max-video-preview:-1"},"canonical":"https:\/\/staytostay.ee\/lv\/parkimine-ja-tingimused\/","og_locale":"lv_LV","og_type":"article","og_title":"NOSAC\u012aJUMI - Stay to Stay","og_description":"NOSAC\u012aJUMI Apartamenti ir J\u016bsu lieto\u0161an\u0101 iera\u0161an\u0101s dien\u0101 no plkst. 15:00 l\u012bdz plkst. 12:00 izbrauk\u0161anas dien\u0101. Piek\u013cuve apartamentiem ir bezkontakta ar durvju kodu. Durvju kodi ir person\u0101li, k\u0101 ar\u012b tiks nos\u016bt\u012bti Jums ar SMS \u012bsi pirms J\u016bsu iera\u0161an\u0101s.&nbsp; Apartamentos var pat\u012bkami atp\u016bsties un labi pavad\u012bt laiku kop\u0101 ar partneri vai \u0123imeni, ta\u010du ball\u012btes un citi pas\u0101kumi [&hellip;]","og_url":"https:\/\/staytostay.ee\/lv\/parkimine-ja-tingimused\/","og_site_name":"Stay to Stay","article_modified_time":"2023-07-10T12:09:55+00:00","og_image":[{"url":"https:\/\/staytostay.ee\/wp-content\/uploads\/2023\/04\/Stay_to_stay_house_3-1-scaled.jpg","type":"","width":"","height":""}],"twitter_card":"summary_large_image","twitter_misc":{"Est. reading time":"2 minutes"},"schema":{"@context":"https:\/\/schema.org","@graph":[{"@type":"WebPage","@id":"https:\/\/staytostay.ee\/lv\/parkimine-ja-tingimused\/","url":"https:\/\/staytostay.ee\/lv\/parkimine-ja-tingimused\/","name":"NOSAC\u012aJUMI - Stay to Stay","isPartOf":{"@id":"https:\/\/staytostay.ee\/#website"},"primaryImageOfPage":{"@id":"https:\/\/staytostay.ee\/lv\/parkimine-ja-tingimused\/#primaryimage"},"image":{"@id":"https:\/\/staytostay.ee\/lv\/parkimine-ja-tingimused\/#primaryimage"},"thumbnailUrl":"https:\/\/staytostay.ee\/wp-content\/uploads\/2023\/04\/Stay_to_stay_house_3-1-scaled.jpg","datePublished":"2023-04-12T13:05:24+00:00","dateModified":"2023-07-10T12:09:55+00:00","breadcrumb":{"@id":"https:\/\/staytostay.ee\/lv\/parkimine-ja-tingimused\/#breadcrumb"},"inLanguage":"lv-LV","potentialAction":[{"@type":"ReadAction","target":["https:\/\/staytostay.ee\/lv\/parkimine-ja-tingimused\/"]}]},{"@type":"ImageObject","inLanguage":"lv-LV","@id":"https:\/\/staytostay.ee\/lv\/parkimine-ja-tingimused\/#primaryimage","url":"https:\/\/staytostay.ee\/wp-content\/uploads\/2023\/04\/Stay_to_stay_house_3-1-scaled.jpg","contentUrl":"https:\/\/staytostay.ee\/wp-content\/uploads\/2023\/04\/Stay_to_stay_house_3-1-scaled.jpg"},{"@type":"BreadcrumbList","@id":"https:\/\/staytostay.ee\/lv\/parkimine-ja-tingimused\/#breadcrumb","itemListElement":[{"@type":"ListItem","position":1,"name":"Home","item":"https:\/\/staytostay.ee\/lv\/"},{"@type":"ListItem","position":2,"name":"NOSAC\u012aJUMI"}]},{"@type":"WebSite","@id":"https:\/\/staytostay.ee\/#website","url":"https:\/\/staytostay.ee\/","name":"Stay to Stay","description":"","potentialAction":[{"@type":"SearchAction","target":{"@type":"EntryPoint","urlTemplate":"https:\/\/staytostay.ee\/?s={search_term_string}"},"query-input":{"@type":"PropertyValueSpecification","valueRequired":true,"valueName":"search_term_string"}}],"inLanguage":"lv-LV"}]}},"_links":{"self":[{"href":"https:\/\/staytostay.ee\/lv\/wp-json\/wp\/v2\/pages\/1355","targetHints":{"allow":["GET"]}}],"collection":[{"href":"https:\/\/staytostay.ee\/lv\/wp-json\/wp\/v2\/pages"}],"about":[{"href":"https:\/\/staytostay.ee\/lv\/wp-json\/wp\/v2\/types\/page"}],"author":[{"embeddable":true,"href":"https:\/\/staytostay.ee\/lv\/wp-json\/wp\/v2\/users\/2"}],"replies":[{"embeddable":true,"href":"https:\/\/staytostay.ee\/lv\/wp-json\/wp\/v2\/comments?post=1355"}],"version-history":[{"count":4,"href":"https:\/\/staytostay.ee\/lv\/wp-json\/wp\/v2\/pages\/1355\/revisions"}],"predecessor-version":[{"id":1535,"href":"https:\/\/staytostay.ee\/lv\/wp-json\/wp\/v2\/pages\/1355\/revisions\/1535"}],"wp:attachment":[{"href":"https:\/\/staytostay.ee\/lv\/wp-json\/wp\/v2\/media?parent=1355"}],"curies":[{"name":"wp","href":"https:\/\/api.w.org\/{rel}","templated":true}]}}