{"id":1346,"date":"2023-04-11T10:31:08","date_gmt":"2023-04-11T10:31:08","guid":{"rendered":"https:\/\/staytostay.ee\/kontaktd\/"},"modified":"2023-07-10T12:09:43","modified_gmt":"2023-07-10T12:09:43","slug":"kontaktd","status":"publish","type":"page","link":"https:\/\/staytostay.ee\/lv\/kontaktd\/","title":{"rendered":"KONTAKTI"},"content":{"rendered":"\n<div class=\"wp-block-cover alignfull is-light\"><span aria-hidden=\"true\" class=\"wp-block-cover__background has-background-dim-20 has-background-dim\"><\/span><img loading=\"lazy\" decoding=\"async\" width=\"2560\" height=\"1706\" class=\"wp-block-cover__image-background wp-image-659\" alt=\"\" src=\"https:\/\/staytostay.ee\/wp-content\/uploads\/2023\/04\/Stat_to_stay_perestuudio_27-3-scaled.jpg\" data-object-fit=\"cover\" srcset=\"https:\/\/staytostay.ee\/wp-content\/uploads\/2023\/04\/Stat_to_stay_perestuudio_27-3-scaled.jpg 2560w, https:\/\/staytostay.ee\/wp-content\/uploads\/2023\/04\/Stat_to_stay_perestuudio_27-3-300x200.jpg 300w, https:\/\/staytostay.ee\/wp-content\/uploads\/2023\/04\/Stat_to_stay_perestuudio_27-3-1024x683.jpg 1024w, https:\/\/staytostay.ee\/wp-content\/uploads\/2023\/04\/Stat_to_stay_perestuudio_27-3-768x512.jpg 768w, https:\/\/staytostay.ee\/wp-content\/uploads\/2023\/04\/Stat_to_stay_perestuudio_27-3-1536x1024.jpg 1536w, https:\/\/staytostay.ee\/wp-content\/uploads\/2023\/04\/Stat_to_stay_perestuudio_27-3-2048x1365.jpg 2048w, https:\/\/staytostay.ee\/wp-content\/uploads\/2023\/04\/Stat_to_stay_perestuudio_27-3-1568x1045.jpg 1568w\" sizes=\"auto, (max-width: 2560px) 100vw, 2560px\" \/><div class=\"wp-block-cover__inner-container is-layout-flow wp-block-cover-is-layout-flow\">\n<h1 class=\"wp-block-heading has-text-align-center has-white-color has-text-color has-large-font-size\">KONTAKTI<\/h1>\n<\/div><\/div>\n\n\n\n<div class=\"wp-block-columns alignwide is-layout-flex wp-container-core-columns-is-layout-9d6595d7 wp-block-columns-is-layout-flex\">\n<div class=\"wp-block-column is-vertically-aligned-center is-layout-flow wp-block-column-is-layout-flow\" style=\"flex-basis:33.33%\">\n<p class=\"has-text-align-center\">Stay to Stay O\u00dc<\/p>\n\n\n\n<p class=\"has-text-align-center\">Re\u0123istr\u0101cijas numurs 16035667<\/p>\n\n\n\n<p class=\"has-text-align-center\">PVN maks\u0101t\u0101ja numurs EE102283369<\/p>\n<\/div>\n\n\n\n<div class=\"wp-block-column is-layout-flow wp-block-column-is-layout-flow\" style=\"flex-basis:66.66%\">\n<div class=\"wp-block-webfactory-map alignfull google-map-edhotels\"><div class=\"wp-block-webfactory-map\"><iframe loading=\"lazy\" width=\"100%\" height=\"300px\" src=\"https:\/\/www.google.com\/maps\/embed\/v1\/place?q=Riia%20maantee%20215%2C%20Tartu&amp;maptype=roadmap&amp;zoom=11&amp;key=AIzaSyDu21TpfU-MuEwU2kFMxIuyEP8nP1tAj4I\" frameborder=\"0\"><\/iframe><\/div><\/div>\n<\/div>\n<\/div>\n\n\n\n<div style=\"height:31px\" aria-hidden=\"true\" class=\"wp-block-spacer\"><\/div>\n\n\n\n<hr class=\"wp-block-separator has-alpha-channel-opacity\"\/>\n\n\n\n<h2 class=\"wp-block-heading has-text-align-center\">M\u016bsu tuvum\u0101<\/h2>\n\n\n\n<div class=\"wp-block-columns alignwide are-vertically-aligned-center is-layout-flex wp-container-core-columns-is-layout-9d6595d7 wp-block-columns-is-layout-flex\">\n<div class=\"wp-block-column is-vertically-aligned-center is-layout-flow wp-block-column-is-layout-flow\">\n<p><strong>Darbs, zin\u0101tne vai dr\u012bz\u0101k zin\u0101tk\u0101re &#8211;<\/strong><\/p>\n\n\n\n<p><a href=\"https:\/\/teaduspark.ee\/\">Tartu Teaduspark<\/a>, 600 m<\/p>\n\n\n\n<p><a href=\"https:\/\/www.kliinikum.ee\/\">Tartu \u00dclikooli Kliinikum<\/a>, 3 km <\/p>\n\n\n\n<p><a href=\"https:\/\/www.nooruse.ee\/\">Tartu Tervishoiu K\u00f5rgkool<\/a>, 2 km<\/p>\n<\/div>\n\n\n\n<div class=\"wp-block-column is-vertically-aligned-center is-layout-flow wp-block-column-is-layout-flow\">\n<p><strong>Atkl\u0101jiet modi un jaunas gar\u0161as &#8211;<\/strong><\/p>\n\n\n\n<p><a href=\"https:\/\/astri.ee\/lounakeskus\/\">Tartu L\u00f5unakeskus<\/a>, 1 km<\/p>\n\n\n\n<p><a href=\"https:\/\/www.tartukaubamaja.ee\/\">Tartu Kaubamaja,<\/a> 4,5 km<\/p>\n\n\n\n<p><a href=\"https:\/\/www.aparaaditehas.ee\/\">Aparaaditehas,<\/a> 4,5 km<\/p>\n<\/div>\n\n\n\n<div class=\"wp-block-column is-vertically-aligned-center is-layout-flow wp-block-column-is-layout-flow\">\n<p><strong>Atva\u013cin\u0101jum\u0101 ar \u0123imeni &#8211;<\/strong><\/p>\n\n\n\n<p><a href=\"https:\/\/www.ahhaa.ee\/\">Teaduskeskus AHHAA<\/a>, 4,5 km <\/p>\n\n\n\n<p><a href=\"https:\/\/natmuseum.ut.ee\/et\">Tartu \u00dclikooli Botaanikaaed<\/a>, 6,5 km<\/p>\n\n\n\n<p><a href=\"https:\/\/erm.ee\/\">Eesti Rahva Muuseum<\/a>, 7 km<\/p>\n<\/div>\n<\/div>\n\n\n\n<div style=\"height:43px\" aria-hidden=\"true\" class=\"wp-block-spacer\"><\/div>\n","protected":false},"excerpt":{"rendered":"<p>Stay to Stay O\u00dc Re\u0123istr\u0101cijas numurs 16035667 PVN maks\u0101t\u0101ja numurs EE102283369 M\u016bsu tuvum\u0101 Darbs, zin\u0101tne vai dr\u012bz\u0101k zin\u0101tk\u0101re &#8211; Tartu Teaduspark, 600 m Tartu \u00dclikooli Kliinikum, 3 km Tartu Tervishoiu K\u00f5rgkool, 2 km Atkl\u0101jiet modi un jaunas gar\u0161as &#8211; Tartu L\u00f5unakeskus, 1 km Tartu Kaubamaja, 4,5 km Aparaaditehas, 4,5 km Atva\u013cin\u0101jum\u0101 ar \u0123imeni &#8211; Teaduskeskus [&hellip;]<\/p>\n","protected":false},"author":2,"featured_media":0,"parent":0,"menu_order":0,"comment_status":"closed","ping_status":"closed","template":"","meta":{"inline_featured_image":false,"footnotes":""},"class_list":["post-1346","page","type-page","status-publish","hentry"],"yoast_head":"<!-- This site is optimized with the Yoast SEO plugin v27.3 - https:\/\/yoast.com\/product\/yoast-seo-wordpress\/ -->\n<title>KONTAKTI - Stay to Stay<\/title>\n<meta name=\"robots\" content=\"index, follow, max-snippet:-1, max-image-preview:large, max-video-preview:-1\" \/>\n<link rel=\"canonical\" href=\"https:\/\/staytostay.ee\/lv\/kontaktd\/\" \/>\n<meta property=\"og:locale\" content=\"lv_LV\" \/>\n<meta property=\"og:type\" content=\"article\" \/>\n<meta property=\"og:title\" content=\"KONTAKTI - Stay to Stay\" \/>\n<meta property=\"og:description\" content=\"Stay to Stay O\u00dc Re\u0123istr\u0101cijas numurs 16035667 PVN maks\u0101t\u0101ja numurs EE102283369 M\u016bsu tuvum\u0101 Darbs, zin\u0101tne vai dr\u012bz\u0101k zin\u0101tk\u0101re &#8211; Tartu Teaduspark, 600 m Tartu \u00dclikooli Kliinikum, 3 km Tartu Tervishoiu K\u00f5rgkool, 2 km Atkl\u0101jiet modi un jaunas gar\u0161as &#8211; Tartu L\u00f5unakeskus, 1 km Tartu Kaubamaja, 4,5 km Aparaaditehas, 4,5 km Atva\u013cin\u0101jum\u0101 ar \u0123imeni &#8211; Teaduskeskus [&hellip;]\" \/>\n<meta property=\"og:url\" content=\"https:\/\/staytostay.ee\/lv\/kontaktd\/\" \/>\n<meta property=\"og:site_name\" content=\"Stay to Stay\" \/>\n<meta property=\"article:modified_time\" content=\"2023-07-10T12:09:43+00:00\" \/>\n<meta property=\"og:image\" content=\"https:\/\/staytostay.ee\/wp-content\/uploads\/2023\/04\/Stat_to_stay_perestuudio_27-3-scaled.jpg\" \/>\n<meta name=\"twitter:card\" content=\"summary_large_image\" \/>\n<meta name=\"twitter:label1\" content=\"Est. reading time\" \/>\n\t<meta name=\"twitter:data1\" content=\"1 minute\" \/>\n<script type=\"application\/ld+json\" class=\"yoast-schema-graph\">{\"@context\":\"https:\\\/\\\/schema.org\",\"@graph\":[{\"@type\":\"WebPage\",\"@id\":\"https:\\\/\\\/staytostay.ee\\\/lv\\\/kontaktd\\\/\",\"url\":\"https:\\\/\\\/staytostay.ee\\\/lv\\\/kontaktd\\\/\",\"name\":\"KONTAKTI - Stay to Stay\",\"isPartOf\":{\"@id\":\"https:\\\/\\\/staytostay.ee\\\/#website\"},\"primaryImageOfPage\":{\"@id\":\"https:\\\/\\\/staytostay.ee\\\/lv\\\/kontaktd\\\/#primaryimage\"},\"image\":{\"@id\":\"https:\\\/\\\/staytostay.ee\\\/lv\\\/kontaktd\\\/#primaryimage\"},\"thumbnailUrl\":\"https:\\\/\\\/staytostay.ee\\\/wp-content\\\/uploads\\\/2023\\\/04\\\/Stat_to_stay_perestuudio_27-3-scaled.jpg\",\"datePublished\":\"2023-04-11T10:31:08+00:00\",\"dateModified\":\"2023-07-10T12:09:43+00:00\",\"breadcrumb\":{\"@id\":\"https:\\\/\\\/staytostay.ee\\\/lv\\\/kontaktd\\\/#breadcrumb\"},\"inLanguage\":\"lv-LV\",\"potentialAction\":[{\"@type\":\"ReadAction\",\"target\":[\"https:\\\/\\\/staytostay.ee\\\/lv\\\/kontaktd\\\/\"]}]},{\"@type\":\"ImageObject\",\"inLanguage\":\"lv-LV\",\"@id\":\"https:\\\/\\\/staytostay.ee\\\/lv\\\/kontaktd\\\/#primaryimage\",\"url\":\"https:\\\/\\\/staytostay.ee\\\/wp-content\\\/uploads\\\/2023\\\/04\\\/Stat_to_stay_perestuudio_27-3-scaled.jpg\",\"contentUrl\":\"https:\\\/\\\/staytostay.ee\\\/wp-content\\\/uploads\\\/2023\\\/04\\\/Stat_to_stay_perestuudio_27-3-scaled.jpg\"},{\"@type\":\"BreadcrumbList\",\"@id\":\"https:\\\/\\\/staytostay.ee\\\/lv\\\/kontaktd\\\/#breadcrumb\",\"itemListElement\":[{\"@type\":\"ListItem\",\"position\":1,\"name\":\"Home\",\"item\":\"https:\\\/\\\/staytostay.ee\\\/lv\\\/\"},{\"@type\":\"ListItem\",\"position\":2,\"name\":\"KONTAKTI\"}]},{\"@type\":\"WebSite\",\"@id\":\"https:\\\/\\\/staytostay.ee\\\/#website\",\"url\":\"https:\\\/\\\/staytostay.ee\\\/\",\"name\":\"Stay to Stay\",\"description\":\"\",\"potentialAction\":[{\"@type\":\"SearchAction\",\"target\":{\"@type\":\"EntryPoint\",\"urlTemplate\":\"https:\\\/\\\/staytostay.ee\\\/?s={search_term_string}\"},\"query-input\":{\"@type\":\"PropertyValueSpecification\",\"valueRequired\":true,\"valueName\":\"search_term_string\"}}],\"inLanguage\":\"lv-LV\"}]}<\/script>\n<!-- \/ Yoast SEO plugin. -->","yoast_head_json":{"title":"KONTAKTI - Stay to Stay","robots":{"index":"index","follow":"follow","max-snippet":"max-snippet:-1","max-image-preview":"max-image-preview:large","max-video-preview":"max-video-preview:-1"},"canonical":"https:\/\/staytostay.ee\/lv\/kontaktd\/","og_locale":"lv_LV","og_type":"article","og_title":"KONTAKTI - Stay to Stay","og_description":"Stay to Stay O\u00dc Re\u0123istr\u0101cijas numurs 16035667 PVN maks\u0101t\u0101ja numurs EE102283369 M\u016bsu tuvum\u0101 Darbs, zin\u0101tne vai dr\u012bz\u0101k zin\u0101tk\u0101re &#8211; Tartu Teaduspark, 600 m Tartu \u00dclikooli Kliinikum, 3 km Tartu Tervishoiu K\u00f5rgkool, 2 km Atkl\u0101jiet modi un jaunas gar\u0161as &#8211; Tartu L\u00f5unakeskus, 1 km Tartu Kaubamaja, 4,5 km Aparaaditehas, 4,5 km Atva\u013cin\u0101jum\u0101 ar \u0123imeni &#8211; Teaduskeskus [&hellip;]","og_url":"https:\/\/staytostay.ee\/lv\/kontaktd\/","og_site_name":"Stay to Stay","article_modified_time":"2023-07-10T12:09:43+00:00","og_image":[{"url":"https:\/\/staytostay.ee\/wp-content\/uploads\/2023\/04\/Stat_to_stay_perestuudio_27-3-scaled.jpg","type":"","width":"","height":""}],"twitter_card":"summary_large_image","twitter_misc":{"Est. reading time":"1 minute"},"schema":{"@context":"https:\/\/schema.org","@graph":[{"@type":"WebPage","@id":"https:\/\/staytostay.ee\/lv\/kontaktd\/","url":"https:\/\/staytostay.ee\/lv\/kontaktd\/","name":"KONTAKTI - Stay to Stay","isPartOf":{"@id":"https:\/\/staytostay.ee\/#website"},"primaryImageOfPage":{"@id":"https:\/\/staytostay.ee\/lv\/kontaktd\/#primaryimage"},"image":{"@id":"https:\/\/staytostay.ee\/lv\/kontaktd\/#primaryimage"},"thumbnailUrl":"https:\/\/staytostay.ee\/wp-content\/uploads\/2023\/04\/Stat_to_stay_perestuudio_27-3-scaled.jpg","datePublished":"2023-04-11T10:31:08+00:00","dateModified":"2023-07-10T12:09:43+00:00","breadcrumb":{"@id":"https:\/\/staytostay.ee\/lv\/kontaktd\/#breadcrumb"},"inLanguage":"lv-LV","potentialAction":[{"@type":"ReadAction","target":["https:\/\/staytostay.ee\/lv\/kontaktd\/"]}]},{"@type":"ImageObject","inLanguage":"lv-LV","@id":"https:\/\/staytostay.ee\/lv\/kontaktd\/#primaryimage","url":"https:\/\/staytostay.ee\/wp-content\/uploads\/2023\/04\/Stat_to_stay_perestuudio_27-3-scaled.jpg","contentUrl":"https:\/\/staytostay.ee\/wp-content\/uploads\/2023\/04\/Stat_to_stay_perestuudio_27-3-scaled.jpg"},{"@type":"BreadcrumbList","@id":"https:\/\/staytostay.ee\/lv\/kontaktd\/#breadcrumb","itemListElement":[{"@type":"ListItem","position":1,"name":"Home","item":"https:\/\/staytostay.ee\/lv\/"},{"@type":"ListItem","position":2,"name":"KONTAKTI"}]},{"@type":"WebSite","@id":"https:\/\/staytostay.ee\/#website","url":"https:\/\/staytostay.ee\/","name":"Stay to Stay","description":"","potentialAction":[{"@type":"SearchAction","target":{"@type":"EntryPoint","urlTemplate":"https:\/\/staytostay.ee\/?s={search_term_string}"},"query-input":{"@type":"PropertyValueSpecification","valueRequired":true,"valueName":"search_term_string"}}],"inLanguage":"lv-LV"}]}},"_links":{"self":[{"href":"https:\/\/staytostay.ee\/lv\/wp-json\/wp\/v2\/pages\/1346","targetHints":{"allow":["GET"]}}],"collection":[{"href":"https:\/\/staytostay.ee\/lv\/wp-json\/wp\/v2\/pages"}],"about":[{"href":"https:\/\/staytostay.ee\/lv\/wp-json\/wp\/v2\/types\/page"}],"author":[{"embeddable":true,"href":"https:\/\/staytostay.ee\/lv\/wp-json\/wp\/v2\/users\/2"}],"replies":[{"embeddable":true,"href":"https:\/\/staytostay.ee\/lv\/wp-json\/wp\/v2\/comments?post=1346"}],"version-history":[{"count":3,"href":"https:\/\/staytostay.ee\/lv\/wp-json\/wp\/v2\/pages\/1346\/revisions"}],"predecessor-version":[{"id":1534,"href":"https:\/\/staytostay.ee\/lv\/wp-json\/wp\/v2\/pages\/1346\/revisions\/1534"}],"wp:attachment":[{"href":"https:\/\/staytostay.ee\/lv\/wp-json\/wp\/v2\/media?parent=1346"}],"curies":[{"name":"wp","href":"https:\/\/api.w.org\/{rel}","templated":true}]}}