{"id":1343,"date":"2023-04-05T07:38:21","date_gmt":"2023-04-05T07:38:21","guid":{"rendered":"https:\/\/staytostay.ee\/home\/"},"modified":"2023-06-09T10:09:33","modified_gmt":"2023-06-09T10:09:33","slug":"home","status":"publish","type":"page","link":"https:\/\/staytostay.ee\/lv\/","title":{"rendered":"Home"},"content":{"rendered":"\n<div class=\"wp-block-cover alignfull\" style=\"min-height:100vh;aspect-ratio:unset;\"><span aria-hidden=\"true\" class=\"wp-block-cover__background has-background-dim-10 has-background-dim\"><\/span><img loading=\"lazy\" decoding=\"async\" width=\"2560\" height=\"1706\" class=\"wp-block-cover__image-background wp-image-462\" alt=\"\" src=\"https:\/\/staytostay.ee\/wp-content\/uploads\/2023\/04\/PILT-7-scaled.jpg\" style=\"object-position:71% 19%\" data-object-fit=\"cover\" data-object-position=\"71% 19%\" srcset=\"https:\/\/staytostay.ee\/wp-content\/uploads\/2023\/04\/PILT-7-scaled.jpg 2560w, https:\/\/staytostay.ee\/wp-content\/uploads\/2023\/04\/PILT-7-300x200.jpg 300w, https:\/\/staytostay.ee\/wp-content\/uploads\/2023\/04\/PILT-7-1024x683.jpg 1024w, https:\/\/staytostay.ee\/wp-content\/uploads\/2023\/04\/PILT-7-768x512.jpg 768w, https:\/\/staytostay.ee\/wp-content\/uploads\/2023\/04\/PILT-7-1536x1024.jpg 1536w, https:\/\/staytostay.ee\/wp-content\/uploads\/2023\/04\/PILT-7-2048x1365.jpg 2048w, https:\/\/staytostay.ee\/wp-content\/uploads\/2023\/04\/PILT-7-1568x1045.jpg 1568w\" sizes=\"auto, (max-width: 2560px) 100vw, 2560px\" \/><div class=\"wp-block-cover__inner-container is-layout-flow wp-block-cover-is-layout-flow\">\n<p><\/p>\n\n\n\n<p><\/p>\n\n\n\n<h1 class=\"wp-block-heading alignwide has-text-align-center has-white-color has-text-color has-x-large-font-size\" style=\"font-style:normal;font-weight:500;letter-spacing:1px\">SKAISTUMS VIENK\u0100R\u0160UM\u0100.\u00a0<\/h1>\n\n\n\n<div class=\"wp-block-columns is-layout-flex wp-container-core-columns-is-layout-9d6595d7 wp-block-columns-is-layout-flex\">\n<div class=\"wp-block-column is-layout-flow wp-block-column-is-layout-flow\" style=\"flex-basis:100%\">\n<h1 class=\"wp-block-heading has-text-align-center has-white-color has-text-color has-x-large-font-size\" style=\"font-style:normal;font-weight:500;letter-spacing:1px\">\u0160ARMS T\u012aR\u012aB\u0100.<\/h1>\n<\/div>\n<\/div>\n<\/div><\/div>\n\n\n        <div class=\"booking subpage\">\n        <div class=\"booking-content clearfix\">\n            <div class=\"booking-block\">\n                <span>Re\u0123istr\u0113\u0161an\u0101s<\/span>\n                <input type=\"text\" id=\"checkin\" class=\"datepicker\" title=\"Arrival\">\n                <span class=\"checkin-month\"><\/span>\n            <\/div>\n            <div class=\"booking-block\">\n                <span>Izrakst\u012b\u0161an\u0101s<\/span>\n                <input type=\"text\" id=\"checkout\" class=\"datepicker\" title=\"Departure\">\n                <span class=\"checkout-month\"><\/span>\n            <\/div>\n            <div class=\"booking-block noborder\">\n                <span>Cilv\u0113ku skaits <\/span>\n                <input type=\"text\" id=\"adults\" class=\"people\" value=\"2\" title=\"How many persons?\">\n                <span>Viesi<\/span>\n            <\/div>\n            <a href=\"https:\/\/bouk.io\/booking\/staytostay\/448\/?language=lv\" class=\"btn btn-dark booking-button booking-block noborder\">Rezerv\u0113t<\/a>\n        <\/div>\n    <\/div> <!-- #booking -->\n        \n\n\n<div style=\"height:17px\" aria-hidden=\"true\" class=\"wp-block-spacer\"><\/div>\n\n\n\n<p class=\"has-text-align-center\">Stay to Stay Apartments pied\u0101v\u0101 \u012bs\u0101kam un ilg\u0101kam uztur\u0113\u0161an\u0101s laikam t\u012brus un komfortablus apartamentus 2021. gad\u0101 renov\u0113tas daudzdz\u012bvok\u013cu \u0113kas cokola st\u0101v\u0101.\u00a0<\/p>\n\n\n\n<div style=\"height:20px\" aria-hidden=\"true\" class=\"wp-block-spacer\"><\/div>\n\n\n\n<div class=\"wp-block-columns alignwide are-vertically-aligned-center is-layout-flex wp-container-core-columns-is-layout-9d6595d7 wp-block-columns-is-layout-flex\">\n<div class=\"wp-block-column is-vertically-aligned-center is-layout-flow wp-block-column-is-layout-flow\" style=\"flex-basis:33.33%\">\n<hr class=\"wp-block-separator aligncenter has-alpha-channel-opacity\"\/>\n\n\n\n<div style=\"height:20px\" aria-hidden=\"true\" class=\"wp-block-spacer\"><\/div>\n\n\n\n<p class=\"has-text-align-center\">M\u016bsu m\u0113r\u0137is ir pied\u0101v\u0101t saviem viesiem priv\u0101tumu, t\u012bras telpas, k\u0101 ar\u012b \u0101tru piere\u0123istr\u0113\u0161anos un izre\u0123istr\u0113\u0161anos.\u00a0<\/p>\n\n\n\n<div style=\"height:20px\" aria-hidden=\"true\" class=\"wp-block-spacer\"><\/div>\n\n\n\n<hr class=\"wp-block-separator aligncenter has-alpha-channel-opacity\"\/>\n\n\n\n<div style=\"height:19px\" aria-hidden=\"true\" class=\"wp-block-spacer\"><\/div>\n\n\n\n<p class=\"has-text-align-center\">M\u0113s atrodamies tikai 5 min\u016b\u0161u pastaigas att\u0101lum\u0101 no Dienvidigaunijas liel\u0101k\u0101 tirdzniec\u012bbas un izklaides centra\u00a0<a href=\"https:\/\/astri.ee\/lounakeskus\/\">\u201cL\u00f5unakeskus<\/a>\u201d. L\u012bdz pils\u0113tas centram ar automa\u0161\u012bnu var nok\u013c\u016bt tikai 5 min\u016b\u0161u laik\u0101.<\/p>\n<\/div>\n\n\n\n<div class=\"wp-block-column is-vertically-aligned-center is-layout-flow wp-block-column-is-layout-flow\" style=\"flex-basis:66.66%\">\n<figure class=\"wp-block-image size-large\"><img loading=\"lazy\" decoding=\"async\" width=\"1024\" height=\"683\" src=\"https:\/\/staytostay.ee\/wp-content\/uploads\/2023\/04\/Stat_to_stay_perestuudio_27-1-1024x683.jpg\" alt=\"\" class=\"wp-image-393\" srcset=\"https:\/\/staytostay.ee\/wp-content\/uploads\/2023\/04\/Stat_to_stay_perestuudio_27-1-1024x683.jpg 1024w, https:\/\/staytostay.ee\/wp-content\/uploads\/2023\/04\/Stat_to_stay_perestuudio_27-1-300x200.jpg 300w, https:\/\/staytostay.ee\/wp-content\/uploads\/2023\/04\/Stat_to_stay_perestuudio_27-1-768x512.jpg 768w, https:\/\/staytostay.ee\/wp-content\/uploads\/2023\/04\/Stat_to_stay_perestuudio_27-1-1536x1024.jpg 1536w, https:\/\/staytostay.ee\/wp-content\/uploads\/2023\/04\/Stat_to_stay_perestuudio_27-1-2048x1365.jpg 2048w, https:\/\/staytostay.ee\/wp-content\/uploads\/2023\/04\/Stat_to_stay_perestuudio_27-1-1568x1045.jpg 1568w\" sizes=\"auto, (max-width: 1024px) 100vw, 1024px\" \/><\/figure>\n<\/div>\n<\/div>\n","protected":false},"excerpt":{"rendered":"<p>Stay to Stay Apartments pied\u0101v\u0101 \u012bs\u0101kam un ilg\u0101kam uztur\u0113\u0161an\u0101s laikam t\u012brus un komfortablus apartamentus 2021. gad\u0101 renov\u0113tas daudzdz\u012bvok\u013cu \u0113kas cokola st\u0101v\u0101.\u00a0 M\u016bsu m\u0113r\u0137is ir pied\u0101v\u0101t saviem viesiem priv\u0101tumu, t\u012bras telpas, k\u0101 ar\u012b \u0101tru piere\u0123istr\u0113\u0161anos un izre\u0123istr\u0113\u0161anos.\u00a0 M\u0113s atrodamies tikai 5 min\u016b\u0161u pastaigas att\u0101lum\u0101 no Dienvidigaunijas liel\u0101k\u0101 tirdzniec\u012bbas un izklaides centra\u00a0\u201cL\u00f5unakeskus\u201d. L\u012bdz pils\u0113tas centram ar automa\u0161\u012bnu [&hellip;]<\/p>\n","protected":false},"author":1,"featured_media":0,"parent":0,"menu_order":0,"comment_status":"closed","ping_status":"closed","template":"","meta":{"inline_featured_image":false,"footnotes":""},"class_list":["post-1343","page","type-page","status-publish","hentry"],"yoast_head":"<!-- This site is optimized with the Yoast SEO plugin v27.4 - https:\/\/yoast.com\/product\/yoast-seo-wordpress\/ -->\n<title>Home - Stay to Stay<\/title>\n<meta name=\"robots\" content=\"index, follow, max-snippet:-1, max-image-preview:large, max-video-preview:-1\" \/>\n<link rel=\"canonical\" href=\"https:\/\/staytostay.ee\/lv\/\" \/>\n<meta property=\"og:locale\" content=\"lv_LV\" \/>\n<meta property=\"og:type\" content=\"article\" \/>\n<meta property=\"og:title\" content=\"Home - Stay to Stay\" \/>\n<meta property=\"og:description\" content=\"Stay to Stay Apartments pied\u0101v\u0101 \u012bs\u0101kam un ilg\u0101kam uztur\u0113\u0161an\u0101s laikam t\u012brus un komfortablus apartamentus 2021. gad\u0101 renov\u0113tas daudzdz\u012bvok\u013cu \u0113kas cokola st\u0101v\u0101.\u00a0 M\u016bsu m\u0113r\u0137is ir pied\u0101v\u0101t saviem viesiem priv\u0101tumu, t\u012bras telpas, k\u0101 ar\u012b \u0101tru piere\u0123istr\u0113\u0161anos un izre\u0123istr\u0113\u0161anos.\u00a0 M\u0113s atrodamies tikai 5 min\u016b\u0161u pastaigas att\u0101lum\u0101 no Dienvidigaunijas liel\u0101k\u0101 tirdzniec\u012bbas un izklaides centra\u00a0\u201cL\u00f5unakeskus\u201d. L\u012bdz pils\u0113tas centram ar automa\u0161\u012bnu [&hellip;]\" \/>\n<meta property=\"og:url\" content=\"https:\/\/staytostay.ee\/lv\/\" \/>\n<meta property=\"og:site_name\" content=\"Stay to Stay\" \/>\n<meta property=\"article:modified_time\" content=\"2023-06-09T10:09:33+00:00\" \/>\n<meta property=\"og:image\" content=\"https:\/\/staytostay.ee\/wp-content\/uploads\/2023\/04\/PILT-7-scaled.jpg\" \/>\n<meta name=\"twitter:card\" content=\"summary_large_image\" \/>\n<meta name=\"twitter:label1\" content=\"Est. reading time\" \/>\n\t<meta name=\"twitter:data1\" content=\"1 minute\" \/>\n<script type=\"application\/ld+json\" class=\"yoast-schema-graph\">{\"@context\":\"https:\\\/\\\/schema.org\",\"@graph\":[{\"@type\":\"WebPage\",\"@id\":\"https:\\\/\\\/staytostay.ee\\\/lv\\\/\",\"url\":\"https:\\\/\\\/staytostay.ee\\\/lv\\\/\",\"name\":\"Home - Stay to Stay\",\"isPartOf\":{\"@id\":\"https:\\\/\\\/staytostay.ee\\\/#website\"},\"primaryImageOfPage\":{\"@id\":\"https:\\\/\\\/staytostay.ee\\\/lv\\\/#primaryimage\"},\"image\":{\"@id\":\"https:\\\/\\\/staytostay.ee\\\/lv\\\/#primaryimage\"},\"thumbnailUrl\":\"https:\\\/\\\/staytostay.ee\\\/wp-content\\\/uploads\\\/2023\\\/04\\\/PILT-7-scaled.jpg\",\"datePublished\":\"2023-04-05T07:38:21+00:00\",\"dateModified\":\"2023-06-09T10:09:33+00:00\",\"breadcrumb\":{\"@id\":\"https:\\\/\\\/staytostay.ee\\\/lv\\\/#breadcrumb\"},\"inLanguage\":\"lv-LV\",\"potentialAction\":[{\"@type\":\"ReadAction\",\"target\":[\"https:\\\/\\\/staytostay.ee\\\/lv\\\/\"]}]},{\"@type\":\"ImageObject\",\"inLanguage\":\"lv-LV\",\"@id\":\"https:\\\/\\\/staytostay.ee\\\/lv\\\/#primaryimage\",\"url\":\"https:\\\/\\\/staytostay.ee\\\/wp-content\\\/uploads\\\/2023\\\/04\\\/PILT-7-scaled.jpg\",\"contentUrl\":\"https:\\\/\\\/staytostay.ee\\\/wp-content\\\/uploads\\\/2023\\\/04\\\/PILT-7-scaled.jpg\"},{\"@type\":\"BreadcrumbList\",\"@id\":\"https:\\\/\\\/staytostay.ee\\\/lv\\\/#breadcrumb\",\"itemListElement\":[{\"@type\":\"ListItem\",\"position\":1,\"name\":\"Home\",\"item\":\"https:\\\/\\\/staytostay.ee\\\/lv\\\/\"},{\"@type\":\"ListItem\",\"position\":2,\"name\":\"Home\"}]},{\"@type\":\"WebSite\",\"@id\":\"https:\\\/\\\/staytostay.ee\\\/#website\",\"url\":\"https:\\\/\\\/staytostay.ee\\\/\",\"name\":\"Stay to Stay\",\"description\":\"\",\"potentialAction\":[{\"@type\":\"SearchAction\",\"target\":{\"@type\":\"EntryPoint\",\"urlTemplate\":\"https:\\\/\\\/staytostay.ee\\\/?s={search_term_string}\"},\"query-input\":{\"@type\":\"PropertyValueSpecification\",\"valueRequired\":true,\"valueName\":\"search_term_string\"}}],\"inLanguage\":\"lv-LV\"}]}<\/script>\n<!-- \/ Yoast SEO plugin. -->","yoast_head_json":{"title":"Home - Stay to Stay","robots":{"index":"index","follow":"follow","max-snippet":"max-snippet:-1","max-image-preview":"max-image-preview:large","max-video-preview":"max-video-preview:-1"},"canonical":"https:\/\/staytostay.ee\/lv\/","og_locale":"lv_LV","og_type":"article","og_title":"Home - Stay to Stay","og_description":"Stay to Stay Apartments pied\u0101v\u0101 \u012bs\u0101kam un ilg\u0101kam uztur\u0113\u0161an\u0101s laikam t\u012brus un komfortablus apartamentus 2021. gad\u0101 renov\u0113tas daudzdz\u012bvok\u013cu \u0113kas cokola st\u0101v\u0101.\u00a0 M\u016bsu m\u0113r\u0137is ir pied\u0101v\u0101t saviem viesiem priv\u0101tumu, t\u012bras telpas, k\u0101 ar\u012b \u0101tru piere\u0123istr\u0113\u0161anos un izre\u0123istr\u0113\u0161anos.\u00a0 M\u0113s atrodamies tikai 5 min\u016b\u0161u pastaigas att\u0101lum\u0101 no Dienvidigaunijas liel\u0101k\u0101 tirdzniec\u012bbas un izklaides centra\u00a0\u201cL\u00f5unakeskus\u201d. L\u012bdz pils\u0113tas centram ar automa\u0161\u012bnu [&hellip;]","og_url":"https:\/\/staytostay.ee\/lv\/","og_site_name":"Stay to Stay","article_modified_time":"2023-06-09T10:09:33+00:00","og_image":[{"url":"https:\/\/staytostay.ee\/wp-content\/uploads\/2023\/04\/PILT-7-scaled.jpg","type":"","width":"","height":""}],"twitter_card":"summary_large_image","twitter_misc":{"Est. reading time":"1 minute"},"schema":{"@context":"https:\/\/schema.org","@graph":[{"@type":"WebPage","@id":"https:\/\/staytostay.ee\/lv\/","url":"https:\/\/staytostay.ee\/lv\/","name":"Home - Stay to Stay","isPartOf":{"@id":"https:\/\/staytostay.ee\/#website"},"primaryImageOfPage":{"@id":"https:\/\/staytostay.ee\/lv\/#primaryimage"},"image":{"@id":"https:\/\/staytostay.ee\/lv\/#primaryimage"},"thumbnailUrl":"https:\/\/staytostay.ee\/wp-content\/uploads\/2023\/04\/PILT-7-scaled.jpg","datePublished":"2023-04-05T07:38:21+00:00","dateModified":"2023-06-09T10:09:33+00:00","breadcrumb":{"@id":"https:\/\/staytostay.ee\/lv\/#breadcrumb"},"inLanguage":"lv-LV","potentialAction":[{"@type":"ReadAction","target":["https:\/\/staytostay.ee\/lv\/"]}]},{"@type":"ImageObject","inLanguage":"lv-LV","@id":"https:\/\/staytostay.ee\/lv\/#primaryimage","url":"https:\/\/staytostay.ee\/wp-content\/uploads\/2023\/04\/PILT-7-scaled.jpg","contentUrl":"https:\/\/staytostay.ee\/wp-content\/uploads\/2023\/04\/PILT-7-scaled.jpg"},{"@type":"BreadcrumbList","@id":"https:\/\/staytostay.ee\/lv\/#breadcrumb","itemListElement":[{"@type":"ListItem","position":1,"name":"Home","item":"https:\/\/staytostay.ee\/lv\/"},{"@type":"ListItem","position":2,"name":"Home"}]},{"@type":"WebSite","@id":"https:\/\/staytostay.ee\/#website","url":"https:\/\/staytostay.ee\/","name":"Stay to Stay","description":"","potentialAction":[{"@type":"SearchAction","target":{"@type":"EntryPoint","urlTemplate":"https:\/\/staytostay.ee\/?s={search_term_string}"},"query-input":{"@type":"PropertyValueSpecification","valueRequired":true,"valueName":"search_term_string"}}],"inLanguage":"lv-LV"}]}},"_links":{"self":[{"href":"https:\/\/staytostay.ee\/lv\/wp-json\/wp\/v2\/pages\/1343","targetHints":{"allow":["GET"]}}],"collection":[{"href":"https:\/\/staytostay.ee\/lv\/wp-json\/wp\/v2\/pages"}],"about":[{"href":"https:\/\/staytostay.ee\/lv\/wp-json\/wp\/v2\/types\/page"}],"author":[{"embeddable":true,"href":"https:\/\/staytostay.ee\/lv\/wp-json\/wp\/v2\/users\/1"}],"replies":[{"embeddable":true,"href":"https:\/\/staytostay.ee\/lv\/wp-json\/wp\/v2\/comments?post=1343"}],"version-history":[{"count":1,"href":"https:\/\/staytostay.ee\/lv\/wp-json\/wp\/v2\/pages\/1343\/revisions"}],"predecessor-version":[{"id":1392,"href":"https:\/\/staytostay.ee\/lv\/wp-json\/wp\/v2\/pages\/1343\/revisions\/1392"}],"wp:attachment":[{"href":"https:\/\/staytostay.ee\/lv\/wp-json\/wp\/v2\/media?parent=1343"}],"curies":[{"name":"wp","href":"https:\/\/api.w.org\/{rel}","templated":true}]}}