{"id":1337,"date":"2023-04-11T09:14:09","date_gmt":"2023-04-11T09:14:09","guid":{"rendered":"https:\/\/staytostay.ee\/apartemendid\/"},"modified":"2023-07-10T12:08:55","modified_gmt":"2023-07-10T12:08:55","slug":"apartemendid","status":"publish","type":"page","link":"https:\/\/staytostay.ee\/lv\/apartemendid\/","title":{"rendered":"APARTAMENTOS"},"content":{"rendered":"\n<div class=\"wp-block-cover alignfull is-light\"><span aria-hidden=\"true\" class=\"wp-block-cover__background has-background-dim-20 has-background-dim\"><\/span><img loading=\"lazy\" decoding=\"async\" width=\"2560\" height=\"1706\" class=\"wp-block-cover__image-background wp-image-165\" alt=\"\" src=\"https:\/\/staytostay.ee\/wp-content\/uploads\/2023\/04\/Stat_to_stay_apartment_5-scaled.jpg\" style=\"object-position:45% 28%\" data-object-fit=\"cover\" data-object-position=\"45% 28%\" srcset=\"https:\/\/staytostay.ee\/wp-content\/uploads\/2023\/04\/Stat_to_stay_apartment_5-scaled.jpg 2560w, https:\/\/staytostay.ee\/wp-content\/uploads\/2023\/04\/Stat_to_stay_apartment_5-300x200.jpg 300w, https:\/\/staytostay.ee\/wp-content\/uploads\/2023\/04\/Stat_to_stay_apartment_5-1024x683.jpg 1024w, https:\/\/staytostay.ee\/wp-content\/uploads\/2023\/04\/Stat_to_stay_apartment_5-768x512.jpg 768w, https:\/\/staytostay.ee\/wp-content\/uploads\/2023\/04\/Stat_to_stay_apartment_5-1536x1024.jpg 1536w, https:\/\/staytostay.ee\/wp-content\/uploads\/2023\/04\/Stat_to_stay_apartment_5-2048x1365.jpg 2048w, https:\/\/staytostay.ee\/wp-content\/uploads\/2023\/04\/Stat_to_stay_apartment_5-1568x1045.jpg 1568w\" sizes=\"auto, (max-width: 2560px) 100vw, 2560px\" \/><div class=\"wp-block-cover__inner-container is-layout-flow wp-block-cover-is-layout-flow\">\n<h1 class=\"wp-block-heading has-text-align-center has-white-color has-text-color has-large-font-size\">APARTAMENTOS AR GULAMISTABU<\/h1>\n<\/div><\/div>\n\n\n\n<div style=\"height:30px\" aria-hidden=\"true\" class=\"wp-block-spacer\"><\/div>\n\n\n\n<div class=\"wp-block-columns alignfull is-layout-flex wp-container-core-columns-is-layout-a1d95526 wp-block-columns-is-layout-flex\" style=\"padding-top:var(--wp--preset--spacing--30);padding-right:var(--wp--preset--spacing--30);padding-bottom:var(--wp--preset--spacing--30);padding-left:var(--wp--preset--spacing--30)\">\n<div class=\"wp-block-column is-vertically-aligned-center wp-block-edhotels-first-column-in-mobile is-layout-flow wp-block-column-is-layout-flow\" style=\"padding-top:var(--wp--preset--spacing--40);padding-right:var(--wp--preset--spacing--40);padding-bottom:var(--wp--preset--spacing--40);padding-left:var(--wp--preset--spacing--40);flex-basis:33.33%\">\n<p class=\"has-text-align-center\"><strong>Apartamentos ar gu\u013camistabu<\/strong>&nbsp;var apmesties maksim\u0101li \u010detri viesi. Papildus var iepriek\u0161 pas\u016bt\u012bt b\u0113rnu gulti\u0146u\/papildu gultu. Katr\u0101 apartament\u0101 ir atsevi\u0161\u0137a gu\u013camistaba ar platu divviet\u012bgo gultu (160 x 200 cm). Viesistab\u0101 ar atv\u0113rtu virtuvi ir ar\u012b izvelkamais d\u012bv\u0101ns (140 x 190 cm).&nbsp;<\/p>\n\n\n\n<p><\/p>\n\n\n\n<p class=\"has-text-align-center\">Dz\u012bvokl\u012b ir viss nepiecie\u0161amais pat\u012bkamai atp\u016btai: virtuves st\u016br\u012btis ar ledusskapi, mikrovi\u013c\u0146u kr\u0101sni, pl\u012bti un traukiem, viedais televizors, kabe\u013ctelev\u012bzija un priv\u0101ta vannas istaba.&nbsp;<\/p>\n\n\n\n<p class=\"has-text-align-center\">Katr\u0101 apartament\u0101 var atrast lielu sienas att\u0113lu, kas uz mirkli dom\u0101s aizved\u012bs j\u016bs uz Igaunijas skaisto dabu.&nbsp;<\/p>\n\n\n\n<p class=\"has-text-align-center\">Papildus pied\u0101v\u0101jam saviem viesiem bezmaksas WiFi un autost\u0101vvietu.<\/p>\n\n\n\n<div class=\"wp-block-buttons is-content-justification-center is-layout-flex wp-container-core-buttons-is-layout-16018d1d wp-block-buttons-is-layout-flex\">\n<div class=\"wp-block-button\"><a class=\"wp-block-button__link wp-element-button\" href=\"https:\/\/bouk.io\/booking\/staytostay\/448\/rooms?language=lv&amp;adults=1&amp;skip=1\">REZERV\u0112T<\/a><\/div>\n<\/div>\n<\/div>\n\n\n\n<div class=\"wp-block-column is-layout-flow wp-block-column-is-layout-flow\" style=\"flex-basis:66.66%\">\n<figure class=\"wp-block-gallery has-nested-images columns-default is-cropped wp-block-gallery-1 is-layout-flex wp-block-gallery-is-layout-flex\">\n<figure class=\"wp-block-image size-large\"><a href=\"https:\/\/staytostay.ee\/wp-content\/uploads\/2023\/04\/Stat_to_stay_apartment_12-scaled.jpg\"><img loading=\"lazy\" decoding=\"async\" width=\"1024\" height=\"683\" data-id=\"171\" src=\"https:\/\/staytostay.ee\/wp-content\/uploads\/2023\/04\/Stat_to_stay_apartment_12-1024x683.jpg\" alt=\"\" class=\"wp-image-171\" srcset=\"https:\/\/staytostay.ee\/wp-content\/uploads\/2023\/04\/Stat_to_stay_apartment_12-1024x683.jpg 1024w, https:\/\/staytostay.ee\/wp-content\/uploads\/2023\/04\/Stat_to_stay_apartment_12-300x200.jpg 300w, https:\/\/staytostay.ee\/wp-content\/uploads\/2023\/04\/Stat_to_stay_apartment_12-768x512.jpg 768w, https:\/\/staytostay.ee\/wp-content\/uploads\/2023\/04\/Stat_to_stay_apartment_12-1536x1024.jpg 1536w, https:\/\/staytostay.ee\/wp-content\/uploads\/2023\/04\/Stat_to_stay_apartment_12-2048x1365.jpg 2048w, https:\/\/staytostay.ee\/wp-content\/uploads\/2023\/04\/Stat_to_stay_apartment_12-1568x1045.jpg 1568w\" sizes=\"auto, (max-width: 1024px) 100vw, 1024px\" \/><\/a><\/figure>\n\n\n\n<figure class=\"wp-block-image size-large\"><a href=\"https:\/\/staytostay.ee\/wp-content\/uploads\/2023\/04\/Stat_to_stay_apartment_9-scaled.jpg\"><img loading=\"lazy\" decoding=\"async\" width=\"1024\" height=\"683\" data-id=\"173\" src=\"https:\/\/staytostay.ee\/wp-content\/uploads\/2023\/04\/Stat_to_stay_apartment_9-1024x683.jpg\" alt=\"\" class=\"wp-image-173\" srcset=\"https:\/\/staytostay.ee\/wp-content\/uploads\/2023\/04\/Stat_to_stay_apartment_9-1024x683.jpg 1024w, https:\/\/staytostay.ee\/wp-content\/uploads\/2023\/04\/Stat_to_stay_apartment_9-300x200.jpg 300w, https:\/\/staytostay.ee\/wp-content\/uploads\/2023\/04\/Stat_to_stay_apartment_9-768x512.jpg 768w, https:\/\/staytostay.ee\/wp-content\/uploads\/2023\/04\/Stat_to_stay_apartment_9-1536x1024.jpg 1536w, https:\/\/staytostay.ee\/wp-content\/uploads\/2023\/04\/Stat_to_stay_apartment_9-2048x1365.jpg 2048w, https:\/\/staytostay.ee\/wp-content\/uploads\/2023\/04\/Stat_to_stay_apartment_9-1568x1045.jpg 1568w\" sizes=\"auto, (max-width: 1024px) 100vw, 1024px\" \/><\/a><\/figure>\n\n\n\n<figure class=\"wp-block-image size-large\"><a href=\"https:\/\/staytostay.ee\/wp-content\/uploads\/2023\/04\/Stat_to_stay_apartment_7-scaled.jpg\"><img loading=\"lazy\" decoding=\"async\" width=\"1024\" height=\"683\" data-id=\"175\" src=\"https:\/\/staytostay.ee\/wp-content\/uploads\/2023\/04\/Stat_to_stay_apartment_7-1024x683.jpg\" alt=\"\" class=\"wp-image-175\" srcset=\"https:\/\/staytostay.ee\/wp-content\/uploads\/2023\/04\/Stat_to_stay_apartment_7-1024x683.jpg 1024w, https:\/\/staytostay.ee\/wp-content\/uploads\/2023\/04\/Stat_to_stay_apartment_7-300x200.jpg 300w, https:\/\/staytostay.ee\/wp-content\/uploads\/2023\/04\/Stat_to_stay_apartment_7-768x512.jpg 768w, https:\/\/staytostay.ee\/wp-content\/uploads\/2023\/04\/Stat_to_stay_apartment_7-1536x1024.jpg 1536w, https:\/\/staytostay.ee\/wp-content\/uploads\/2023\/04\/Stat_to_stay_apartment_7-2048x1365.jpg 2048w, https:\/\/staytostay.ee\/wp-content\/uploads\/2023\/04\/Stat_to_stay_apartment_7-1568x1045.jpg 1568w\" sizes=\"auto, (max-width: 1024px) 100vw, 1024px\" \/><\/a><\/figure>\n\n\n\n<figure class=\"wp-block-image size-large\"><a href=\"https:\/\/staytostay.ee\/wp-content\/uploads\/2023\/04\/Stat_to_stay_apartment_17-scaled.jpg\"><img loading=\"lazy\" decoding=\"async\" width=\"1024\" height=\"683\" data-id=\"177\" src=\"https:\/\/staytostay.ee\/wp-content\/uploads\/2023\/04\/Stat_to_stay_apartment_17-1024x683.jpg\" alt=\"\" class=\"wp-image-177\" srcset=\"https:\/\/staytostay.ee\/wp-content\/uploads\/2023\/04\/Stat_to_stay_apartment_17-1024x683.jpg 1024w, https:\/\/staytostay.ee\/wp-content\/uploads\/2023\/04\/Stat_to_stay_apartment_17-300x200.jpg 300w, https:\/\/staytostay.ee\/wp-content\/uploads\/2023\/04\/Stat_to_stay_apartment_17-768x512.jpg 768w, https:\/\/staytostay.ee\/wp-content\/uploads\/2023\/04\/Stat_to_stay_apartment_17-1536x1024.jpg 1536w, https:\/\/staytostay.ee\/wp-content\/uploads\/2023\/04\/Stat_to_stay_apartment_17-2048x1365.jpg 2048w, https:\/\/staytostay.ee\/wp-content\/uploads\/2023\/04\/Stat_to_stay_apartment_17-1568x1045.jpg 1568w\" sizes=\"auto, (max-width: 1024px) 100vw, 1024px\" \/><\/a><\/figure>\n\n\n\n<figure class=\"wp-block-image size-large\"><a href=\"https:\/\/staytostay.ee\/wp-content\/uploads\/2023\/04\/Stat_to_stay_apartment_16-scaled.jpg\"><img loading=\"lazy\" decoding=\"async\" width=\"1024\" height=\"683\" data-id=\"179\" src=\"https:\/\/staytostay.ee\/wp-content\/uploads\/2023\/04\/Stat_to_stay_apartment_16-1024x683.jpg\" alt=\"\" class=\"wp-image-179\" srcset=\"https:\/\/staytostay.ee\/wp-content\/uploads\/2023\/04\/Stat_to_stay_apartment_16-1024x683.jpg 1024w, https:\/\/staytostay.ee\/wp-content\/uploads\/2023\/04\/Stat_to_stay_apartment_16-300x200.jpg 300w, https:\/\/staytostay.ee\/wp-content\/uploads\/2023\/04\/Stat_to_stay_apartment_16-768x512.jpg 768w, https:\/\/staytostay.ee\/wp-content\/uploads\/2023\/04\/Stat_to_stay_apartment_16-1536x1024.jpg 1536w, https:\/\/staytostay.ee\/wp-content\/uploads\/2023\/04\/Stat_to_stay_apartment_16-2048x1365.jpg 2048w, https:\/\/staytostay.ee\/wp-content\/uploads\/2023\/04\/Stat_to_stay_apartment_16-1568x1045.jpg 1568w\" sizes=\"auto, (max-width: 1024px) 100vw, 1024px\" \/><\/a><\/figure>\n<\/figure>\n<\/div>\n<\/div>\n\n\n<div style=\"border:1px solid #c39350\" class=\"alignwide\">\n<div class=\"wp-block-group alignwide has-border is-layout-constrained wp-block-group-is-layout-constrained\">\n<div class=\"wp-block-columns alignwide has-black-color has-white-background-color has-text-color has-background is-layout-flex wp-container-core-columns-is-layout-a1d95526 wp-block-columns-is-layout-flex\" style=\"padding-top:var(--wp--preset--spacing--30);padding-right:var(--wp--preset--spacing--30);padding-bottom:var(--wp--preset--spacing--30);padding-left:var(--wp--preset--spacing--30)\">\n<div class=\"wp-block-column is-layout-flow wp-block-column-is-layout-flow\" style=\"padding-top:0;padding-right:0;padding-bottom:0;padding-left:0\">\n<div style=\"height:10px\" aria-hidden=\"true\" class=\"wp-block-spacer\"><\/div>\n\n\n\n<figure class=\"wp-block-image aligncenter size-full\"><img loading=\"lazy\" decoding=\"async\" width=\"32\" height=\"32\" src=\"https:\/\/staytostay.ee\/wp-content\/uploads\/2023\/04\/room.png\" alt=\"\" class=\"wp-image-616\"\/><\/figure>\n\n\n\n<h5 class=\"wp-block-heading has-text-align-center\">Priv\u0101ta gu\u013camistaba<\/h5>\n\n\n\n<p><\/p>\n<\/div>\n\n\n\n<div class=\"wp-block-column is-layout-flow wp-block-column-is-layout-flow\">\n<div style=\"height:10px\" aria-hidden=\"true\" class=\"wp-block-spacer\"><\/div>\n\n\n\n<figure class=\"wp-block-image aligncenter size-full\"><img loading=\"lazy\" decoding=\"async\" width=\"32\" height=\"32\" src=\"https:\/\/staytostay.ee\/wp-content\/uploads\/2023\/04\/sofa-bed-1.png\" alt=\"\" class=\"wp-image-614\"\/><\/figure>\n\n\n\n<h5 class=\"wp-block-heading has-text-align-center\">Viesistab\u0101 d\u012bv\u0101ngulta div\u0101m person\u0101m<\/h5>\n<\/div>\n\n\n\n<div class=\"wp-block-column is-layout-flow wp-block-column-is-layout-flow\">\n<div style=\"height:10px\" aria-hidden=\"true\" class=\"wp-block-spacer\"><\/div>\n\n\n\n<figure class=\"wp-block-image aligncenter size-full\"><img loading=\"lazy\" decoding=\"async\" width=\"32\" height=\"32\" src=\"https:\/\/staytostay.ee\/wp-content\/uploads\/2023\/04\/kitchen-set-2.png\" alt=\"\" class=\"wp-image-612\"\/><\/figure>\n\n\n\n<h5 class=\"wp-block-heading has-text-align-center\">Piln\u012bb\u0101 apr\u012bkots virtuves st\u016br\u012btis<\/h5>\n<\/div>\n\n\n\n<div class=\"wp-block-column is-layout-flow wp-block-column-is-layout-flow\">\n<div style=\"height:10px\" aria-hidden=\"true\" class=\"wp-block-spacer\"><\/div>\n\n\n\n<figure class=\"wp-block-image aligncenter size-full\"><img loading=\"lazy\" decoding=\"async\" width=\"32\" height=\"32\" src=\"https:\/\/staytostay.ee\/wp-content\/uploads\/2023\/04\/tea-cup-2.png\" alt=\"\" class=\"wp-image-610\"\/><\/figure>\n\n\n\n<h5 class=\"wp-block-heading has-text-align-center\">No r\u012bta pal\u012bdz pamosties kafija un t\u0113ja<\/h5>\n<\/div>\n<\/div>\n<\/div>\n<\/div>","protected":false},"excerpt":{"rendered":"<p>Apartamentos ar gu\u013camistabu&nbsp;var apmesties maksim\u0101li \u010detri viesi. Papildus var iepriek\u0161 pas\u016bt\u012bt b\u0113rnu gulti\u0146u\/papildu gultu. Katr\u0101 apartament\u0101 ir atsevi\u0161\u0137a gu\u013camistaba ar platu divviet\u012bgo gultu (160 x 200 cm). Viesistab\u0101 ar atv\u0113rtu virtuvi ir ar\u012b izvelkamais d\u012bv\u0101ns (140 x 190 cm).&nbsp; Dz\u012bvokl\u012b ir viss nepiecie\u0161amais pat\u012bkamai atp\u016btai: virtuves st\u016br\u012btis ar ledusskapi, mikrovi\u013c\u0146u kr\u0101sni, pl\u012bti un traukiem, viedais [&hellip;]<\/p>\n","protected":false},"author":2,"featured_media":0,"parent":0,"menu_order":0,"comment_status":"closed","ping_status":"closed","template":"","meta":{"inline_featured_image":false,"footnotes":""},"class_list":["post-1337","page","type-page","status-publish","hentry"],"yoast_head":"<!-- This site is optimized with the Yoast SEO plugin v27.3 - https:\/\/yoast.com\/product\/yoast-seo-wordpress\/ -->\n<title>APARTAMENTOS - Stay to Stay<\/title>\n<meta name=\"robots\" content=\"index, follow, max-snippet:-1, max-image-preview:large, max-video-preview:-1\" \/>\n<link rel=\"canonical\" href=\"https:\/\/staytostay.ee\/lv\/apartemendid\/\" \/>\n<meta property=\"og:locale\" content=\"lv_LV\" \/>\n<meta property=\"og:type\" content=\"article\" \/>\n<meta property=\"og:title\" content=\"APARTAMENTOS - Stay to Stay\" \/>\n<meta property=\"og:description\" content=\"Apartamentos ar gu\u013camistabu&nbsp;var apmesties maksim\u0101li \u010detri viesi. Papildus var iepriek\u0161 pas\u016bt\u012bt b\u0113rnu gulti\u0146u\/papildu gultu. Katr\u0101 apartament\u0101 ir atsevi\u0161\u0137a gu\u013camistaba ar platu divviet\u012bgo gultu (160 x 200 cm). Viesistab\u0101 ar atv\u0113rtu virtuvi ir ar\u012b izvelkamais d\u012bv\u0101ns (140 x 190 cm).&nbsp; Dz\u012bvokl\u012b ir viss nepiecie\u0161amais pat\u012bkamai atp\u016btai: virtuves st\u016br\u012btis ar ledusskapi, mikrovi\u013c\u0146u kr\u0101sni, pl\u012bti un traukiem, viedais [&hellip;]\" \/>\n<meta property=\"og:url\" content=\"https:\/\/staytostay.ee\/lv\/apartemendid\/\" \/>\n<meta property=\"og:site_name\" content=\"Stay to Stay\" \/>\n<meta property=\"article:modified_time\" content=\"2023-07-10T12:08:55+00:00\" \/>\n<meta property=\"og:image\" content=\"https:\/\/staytostay.ee\/wp-content\/uploads\/2023\/04\/Stat_to_stay_apartment_5-scaled.jpg\" \/>\n<meta name=\"twitter:card\" content=\"summary_large_image\" \/>\n<meta name=\"twitter:label1\" content=\"Est. reading time\" \/>\n\t<meta name=\"twitter:data1\" content=\"3 minutes\" \/>\n<script type=\"application\/ld+json\" class=\"yoast-schema-graph\">{\"@context\":\"https:\\\/\\\/schema.org\",\"@graph\":[{\"@type\":\"WebPage\",\"@id\":\"https:\\\/\\\/staytostay.ee\\\/lv\\\/apartemendid\\\/\",\"url\":\"https:\\\/\\\/staytostay.ee\\\/lv\\\/apartemendid\\\/\",\"name\":\"APARTAMENTOS - Stay to Stay\",\"isPartOf\":{\"@id\":\"https:\\\/\\\/staytostay.ee\\\/#website\"},\"primaryImageOfPage\":{\"@id\":\"https:\\\/\\\/staytostay.ee\\\/lv\\\/apartemendid\\\/#primaryimage\"},\"image\":{\"@id\":\"https:\\\/\\\/staytostay.ee\\\/lv\\\/apartemendid\\\/#primaryimage\"},\"thumbnailUrl\":\"https:\\\/\\\/staytostay.ee\\\/wp-content\\\/uploads\\\/2023\\\/04\\\/Stat_to_stay_apartment_5-scaled.jpg\",\"datePublished\":\"2023-04-11T09:14:09+00:00\",\"dateModified\":\"2023-07-10T12:08:55+00:00\",\"breadcrumb\":{\"@id\":\"https:\\\/\\\/staytostay.ee\\\/lv\\\/apartemendid\\\/#breadcrumb\"},\"inLanguage\":\"lv-LV\",\"potentialAction\":[{\"@type\":\"ReadAction\",\"target\":[\"https:\\\/\\\/staytostay.ee\\\/lv\\\/apartemendid\\\/\"]}]},{\"@type\":\"ImageObject\",\"inLanguage\":\"lv-LV\",\"@id\":\"https:\\\/\\\/staytostay.ee\\\/lv\\\/apartemendid\\\/#primaryimage\",\"url\":\"https:\\\/\\\/staytostay.ee\\\/wp-content\\\/uploads\\\/2023\\\/04\\\/Stat_to_stay_apartment_5-scaled.jpg\",\"contentUrl\":\"https:\\\/\\\/staytostay.ee\\\/wp-content\\\/uploads\\\/2023\\\/04\\\/Stat_to_stay_apartment_5-scaled.jpg\"},{\"@type\":\"BreadcrumbList\",\"@id\":\"https:\\\/\\\/staytostay.ee\\\/lv\\\/apartemendid\\\/#breadcrumb\",\"itemListElement\":[{\"@type\":\"ListItem\",\"position\":1,\"name\":\"Home\",\"item\":\"https:\\\/\\\/staytostay.ee\\\/lv\\\/\"},{\"@type\":\"ListItem\",\"position\":2,\"name\":\"APARTAMENTOS\"}]},{\"@type\":\"WebSite\",\"@id\":\"https:\\\/\\\/staytostay.ee\\\/#website\",\"url\":\"https:\\\/\\\/staytostay.ee\\\/\",\"name\":\"Stay to Stay\",\"description\":\"\",\"potentialAction\":[{\"@type\":\"SearchAction\",\"target\":{\"@type\":\"EntryPoint\",\"urlTemplate\":\"https:\\\/\\\/staytostay.ee\\\/?s={search_term_string}\"},\"query-input\":{\"@type\":\"PropertyValueSpecification\",\"valueRequired\":true,\"valueName\":\"search_term_string\"}}],\"inLanguage\":\"lv-LV\"}]}<\/script>\n<!-- \/ Yoast SEO plugin. -->","yoast_head_json":{"title":"APARTAMENTOS - Stay to Stay","robots":{"index":"index","follow":"follow","max-snippet":"max-snippet:-1","max-image-preview":"max-image-preview:large","max-video-preview":"max-video-preview:-1"},"canonical":"https:\/\/staytostay.ee\/lv\/apartemendid\/","og_locale":"lv_LV","og_type":"article","og_title":"APARTAMENTOS - Stay to Stay","og_description":"Apartamentos ar gu\u013camistabu&nbsp;var apmesties maksim\u0101li \u010detri viesi. Papildus var iepriek\u0161 pas\u016bt\u012bt b\u0113rnu gulti\u0146u\/papildu gultu. Katr\u0101 apartament\u0101 ir atsevi\u0161\u0137a gu\u013camistaba ar platu divviet\u012bgo gultu (160 x 200 cm). Viesistab\u0101 ar atv\u0113rtu virtuvi ir ar\u012b izvelkamais d\u012bv\u0101ns (140 x 190 cm).&nbsp; Dz\u012bvokl\u012b ir viss nepiecie\u0161amais pat\u012bkamai atp\u016btai: virtuves st\u016br\u012btis ar ledusskapi, mikrovi\u013c\u0146u kr\u0101sni, pl\u012bti un traukiem, viedais [&hellip;]","og_url":"https:\/\/staytostay.ee\/lv\/apartemendid\/","og_site_name":"Stay to Stay","article_modified_time":"2023-07-10T12:08:55+00:00","og_image":[{"url":"https:\/\/staytostay.ee\/wp-content\/uploads\/2023\/04\/Stat_to_stay_apartment_5-scaled.jpg","type":"","width":"","height":""}],"twitter_card":"summary_large_image","twitter_misc":{"Est. reading time":"3 minutes"},"schema":{"@context":"https:\/\/schema.org","@graph":[{"@type":"WebPage","@id":"https:\/\/staytostay.ee\/lv\/apartemendid\/","url":"https:\/\/staytostay.ee\/lv\/apartemendid\/","name":"APARTAMENTOS - Stay to Stay","isPartOf":{"@id":"https:\/\/staytostay.ee\/#website"},"primaryImageOfPage":{"@id":"https:\/\/staytostay.ee\/lv\/apartemendid\/#primaryimage"},"image":{"@id":"https:\/\/staytostay.ee\/lv\/apartemendid\/#primaryimage"},"thumbnailUrl":"https:\/\/staytostay.ee\/wp-content\/uploads\/2023\/04\/Stat_to_stay_apartment_5-scaled.jpg","datePublished":"2023-04-11T09:14:09+00:00","dateModified":"2023-07-10T12:08:55+00:00","breadcrumb":{"@id":"https:\/\/staytostay.ee\/lv\/apartemendid\/#breadcrumb"},"inLanguage":"lv-LV","potentialAction":[{"@type":"ReadAction","target":["https:\/\/staytostay.ee\/lv\/apartemendid\/"]}]},{"@type":"ImageObject","inLanguage":"lv-LV","@id":"https:\/\/staytostay.ee\/lv\/apartemendid\/#primaryimage","url":"https:\/\/staytostay.ee\/wp-content\/uploads\/2023\/04\/Stat_to_stay_apartment_5-scaled.jpg","contentUrl":"https:\/\/staytostay.ee\/wp-content\/uploads\/2023\/04\/Stat_to_stay_apartment_5-scaled.jpg"},{"@type":"BreadcrumbList","@id":"https:\/\/staytostay.ee\/lv\/apartemendid\/#breadcrumb","itemListElement":[{"@type":"ListItem","position":1,"name":"Home","item":"https:\/\/staytostay.ee\/lv\/"},{"@type":"ListItem","position":2,"name":"APARTAMENTOS"}]},{"@type":"WebSite","@id":"https:\/\/staytostay.ee\/#website","url":"https:\/\/staytostay.ee\/","name":"Stay to Stay","description":"","potentialAction":[{"@type":"SearchAction","target":{"@type":"EntryPoint","urlTemplate":"https:\/\/staytostay.ee\/?s={search_term_string}"},"query-input":{"@type":"PropertyValueSpecification","valueRequired":true,"valueName":"search_term_string"}}],"inLanguage":"lv-LV"}]}},"_links":{"self":[{"href":"https:\/\/staytostay.ee\/lv\/wp-json\/wp\/v2\/pages\/1337","targetHints":{"allow":["GET"]}}],"collection":[{"href":"https:\/\/staytostay.ee\/lv\/wp-json\/wp\/v2\/pages"}],"about":[{"href":"https:\/\/staytostay.ee\/lv\/wp-json\/wp\/v2\/types\/page"}],"author":[{"embeddable":true,"href":"https:\/\/staytostay.ee\/lv\/wp-json\/wp\/v2\/users\/2"}],"replies":[{"embeddable":true,"href":"https:\/\/staytostay.ee\/lv\/wp-json\/wp\/v2\/comments?post=1337"}],"version-history":[{"count":5,"href":"https:\/\/staytostay.ee\/lv\/wp-json\/wp\/v2\/pages\/1337\/revisions"}],"predecessor-version":[{"id":1531,"href":"https:\/\/staytostay.ee\/lv\/wp-json\/wp\/v2\/pages\/1337\/revisions\/1531"}],"wp:attachment":[{"href":"https:\/\/staytostay.ee\/lv\/wp-json\/wp\/v2\/media?parent=1337"}],"curies":[{"name":"wp","href":"https:\/\/api.w.org\/{rel}","templated":true}]}}