{"id":1354,"date":"2023-04-12T13:05:24","date_gmt":"2023-04-12T13:05:24","guid":{"rendered":"https:\/\/staytostay.ee\/parkimine-ja-tingimused\/"},"modified":"2023-07-10T12:05:46","modified_gmt":"2023-07-10T12:05:46","slug":"parkimine-ja-tingimused","status":"publish","type":"page","link":"https:\/\/staytostay.ee\/fi\/parkimine-ja-tingimused\/","title":{"rendered":"EHDOT"},"content":{"rendered":"\n<div class=\"wp-block-cover alignfull is-light\" style=\"min-height:430px;aspect-ratio:unset;\"><span aria-hidden=\"true\" class=\"wp-block-cover__background has-background-dim-30 has-background-dim\"><\/span><img loading=\"lazy\" decoding=\"async\" width=\"2560\" height=\"1706\" class=\"wp-block-cover__image-background wp-image-448\" alt=\"\" src=\"https:\/\/staytostay.ee\/wp-content\/uploads\/2023\/04\/Stay_to_stay_house_3-1-scaled.jpg\" data-object-fit=\"cover\" srcset=\"https:\/\/staytostay.ee\/wp-content\/uploads\/2023\/04\/Stay_to_stay_house_3-1-scaled.jpg 2560w, https:\/\/staytostay.ee\/wp-content\/uploads\/2023\/04\/Stay_to_stay_house_3-1-300x200.jpg 300w, https:\/\/staytostay.ee\/wp-content\/uploads\/2023\/04\/Stay_to_stay_house_3-1-1024x683.jpg 1024w, https:\/\/staytostay.ee\/wp-content\/uploads\/2023\/04\/Stay_to_stay_house_3-1-768x512.jpg 768w, https:\/\/staytostay.ee\/wp-content\/uploads\/2023\/04\/Stay_to_stay_house_3-1-1536x1024.jpg 1536w, https:\/\/staytostay.ee\/wp-content\/uploads\/2023\/04\/Stay_to_stay_house_3-1-2048x1365.jpg 2048w, https:\/\/staytostay.ee\/wp-content\/uploads\/2023\/04\/Stay_to_stay_house_3-1-1568x1045.jpg 1568w\" sizes=\"auto, (max-width: 2560px) 100vw, 2560px\" \/><div class=\"wp-block-cover__inner-container is-layout-flow wp-block-cover-is-layout-flow\">\n<h1 class=\"wp-block-heading has-text-align-center has-white-color has-text-color has-large-font-size\">EHDOT<\/h1>\n<\/div><\/div>\n\n\n\n<div style=\"height:30px\" aria-hidden=\"true\" class=\"wp-block-spacer\"><\/div>\n\n\n\n<h2 class=\"wp-block-heading has-text-align-center\">EHDOT<\/h2>\n\n\n\n<div style=\"height:31px\" aria-hidden=\"true\" class=\"wp-block-spacer\"><\/div>\n\n\n\n<div class=\"wp-block-columns alignwide is-layout-flex wp-container-core-columns-is-layout-9d6595d7 wp-block-columns-is-layout-flex\">\n<div class=\"wp-block-column is-layout-flow wp-block-column-is-layout-flow\">\n<p>Huoneistot ovat k\u00e4yt\u00f6ss\u00e4si saapumisp\u00e4iv\u00e4n\u00e4 kello 15.00 alkaen aina l\u00e4ht\u00f6p\u00e4iv\u00e4n kello 12.00 saakka.<\/p>\n\n\n\n<p><\/p>\n<\/div>\n\n\n\n<div class=\"wp-block-column is-layout-flow wp-block-column-is-layout-flow\">\n<p class=\"has-text-align-left\">Huoneistoihin p\u00e4\u00e4see kontaktivapaasti ovikoodin avulla. Ovikoodit ovat yksil\u00f6llisi\u00e4 ja ne l\u00e4hetet\u00e4\u00e4n vieraalle hetke\u00e4 ennen saapumista tekstiviestill\u00e4.&nbsp;<\/p>\n\n\n\n<p class=\"has-text-align-left\"><\/p>\n<\/div>\n\n\n\n<div class=\"wp-block-column is-layout-flow wp-block-column-is-layout-flow\">\n<p class=\"has-text-align-left\">Huoneistot ovat viihtyisi\u00e4 ja levollisia paikkoja, mutta juhlat ja tapahtumien j\u00e4rjest\u00e4minen ei ole sallittua.<\/p>\n\n\n\n<p><\/p>\n<\/div>\n<\/div>\n\n\n\n<div style=\"height:48px\" aria-hidden=\"true\" class=\"wp-block-spacer\"><\/div>\n\n\n\n<div class=\"wp-block-columns alignwide are-vertically-aligned-center is-layout-flex wp-container-core-columns-is-layout-9d6595d7 wp-block-columns-is-layout-flex\">\n<div class=\"wp-block-column is-vertically-aligned-center is-layout-flow wp-block-column-is-layout-flow\">\n<p class=\"has-text-align-left\">Huoneistot ovat savuttomia. Tupakointialue on merkitty pys\u00e4k\u00f6intikaavaan.<\/p>\n<\/div>\n\n\n\n<div class=\"wp-block-column is-vertically-aligned-center is-layout-flow wp-block-column-is-layout-flow\">\n<p>Huoneistoissa pyydet\u00e4\u00e4n hiljaisuutta kello 22.00\u201306.00 v\u00e4lisen\u00e4 aikana.&nbsp;<\/p>\n<\/div>\n\n\n\n<div class=\"wp-block-column is-vertically-aligned-center is-layout-flow wp-block-column-is-layout-flow\">\n<p class=\"has-text-align-left\">Huoneistot eiv\u00e4t sovellu lemmikeille.<\/p>\n<\/div>\n<\/div>\n\n\n\n<div style=\"height:50px\" aria-hidden=\"true\" class=\"wp-block-spacer\"><\/div>\n\n\n\n<h2 class=\"wp-block-heading has-text-align-center\">PYS\u00c4K\u00d6INTI<\/h2>\n\n\n\n<div style=\"height:20px\" aria-hidden=\"true\" class=\"wp-block-spacer\"><\/div>\n\n\n\n<p class=\"has-text-align-center\">Stay to Stay Apartments vieraille tarjoamme ilmaiset pys\u00e4k\u00f6intipaikat talon sis\u00e4pihalla. Stay to Stay Apartments pys\u00e4k\u00f6intipaikat on kuvattu t\u00e4ss\u00e4 kaavassa.<\/p>\n\n\n\n<div style=\"height:32px\" aria-hidden=\"true\" class=\"wp-block-spacer\"><\/div>\n\n\n\n<figure class=\"wp-block-image size-large\"><img loading=\"lazy\" decoding=\"async\" width=\"1024\" height=\"974\" src=\"https:\/\/staytostay.ee\/wp-content\/uploads\/2023\/04\/StaytoStay-parking--1024x974.jpg\" alt=\"\" class=\"wp-image-523\" srcset=\"https:\/\/staytostay.ee\/wp-content\/uploads\/2023\/04\/StaytoStay-parking--1024x974.jpg 1024w, https:\/\/staytostay.ee\/wp-content\/uploads\/2023\/04\/StaytoStay-parking--300x285.jpg 300w, https:\/\/staytostay.ee\/wp-content\/uploads\/2023\/04\/StaytoStay-parking--768x730.jpg 768w, https:\/\/staytostay.ee\/wp-content\/uploads\/2023\/04\/StaytoStay-parking-.jpg 1200w\" sizes=\"auto, (max-width: 1024px) 100vw, 1024px\" \/><\/figure>\n","protected":false},"excerpt":{"rendered":"<p>EHDOT Huoneistot ovat k\u00e4yt\u00f6ss\u00e4si saapumisp\u00e4iv\u00e4n\u00e4 kello 15.00 alkaen aina l\u00e4ht\u00f6p\u00e4iv\u00e4n kello 12.00 saakka. Huoneistoihin p\u00e4\u00e4see kontaktivapaasti ovikoodin avulla. Ovikoodit ovat yksil\u00f6llisi\u00e4 ja ne l\u00e4hetet\u00e4\u00e4n vieraalle hetke\u00e4 ennen saapumista tekstiviestill\u00e4.&nbsp; Huoneistot ovat viihtyisi\u00e4 ja levollisia paikkoja, mutta juhlat ja tapahtumien j\u00e4rjest\u00e4minen ei ole sallittua. Huoneistot ovat savuttomia. Tupakointialue on merkitty pys\u00e4k\u00f6intikaavaan. Huoneistoissa pyydet\u00e4\u00e4n hiljaisuutta kello 22.00\u201306.00 [&hellip;]<\/p>\n","protected":false},"author":2,"featured_media":0,"parent":0,"menu_order":0,"comment_status":"closed","ping_status":"closed","template":"","meta":{"inline_featured_image":false,"footnotes":""},"class_list":["post-1354","page","type-page","status-publish","hentry"],"yoast_head":"<!-- This site is optimized with the Yoast SEO plugin v27.3 - https:\/\/yoast.com\/product\/yoast-seo-wordpress\/ -->\n<title>EHDOT - Stay to Stay<\/title>\n<meta name=\"robots\" content=\"index, follow, max-snippet:-1, max-image-preview:large, max-video-preview:-1\" \/>\n<link rel=\"canonical\" href=\"https:\/\/staytostay.ee\/fi\/parkimine-ja-tingimused\/\" \/>\n<meta property=\"og:locale\" content=\"fi_FI\" \/>\n<meta property=\"og:type\" content=\"article\" \/>\n<meta property=\"og:title\" content=\"EHDOT - Stay to Stay\" \/>\n<meta property=\"og:description\" content=\"EHDOT Huoneistot ovat k\u00e4yt\u00f6ss\u00e4si saapumisp\u00e4iv\u00e4n\u00e4 kello 15.00 alkaen aina l\u00e4ht\u00f6p\u00e4iv\u00e4n kello 12.00 saakka. Huoneistoihin p\u00e4\u00e4see kontaktivapaasti ovikoodin avulla. Ovikoodit ovat yksil\u00f6llisi\u00e4 ja ne l\u00e4hetet\u00e4\u00e4n vieraalle hetke\u00e4 ennen saapumista tekstiviestill\u00e4.&nbsp; Huoneistot ovat viihtyisi\u00e4 ja levollisia paikkoja, mutta juhlat ja tapahtumien j\u00e4rjest\u00e4minen ei ole sallittua. Huoneistot ovat savuttomia. Tupakointialue on merkitty pys\u00e4k\u00f6intikaavaan. Huoneistoissa pyydet\u00e4\u00e4n hiljaisuutta kello 22.00\u201306.00 [&hellip;]\" \/>\n<meta property=\"og:url\" content=\"https:\/\/staytostay.ee\/fi\/parkimine-ja-tingimused\/\" \/>\n<meta property=\"og:site_name\" content=\"Stay to Stay\" \/>\n<meta property=\"article:modified_time\" content=\"2023-07-10T12:05:46+00:00\" \/>\n<meta property=\"og:image\" content=\"https:\/\/staytostay.ee\/wp-content\/uploads\/2023\/04\/Stay_to_stay_house_3-1-scaled.jpg\" \/>\n<meta name=\"twitter:card\" content=\"summary_large_image\" \/>\n<meta name=\"twitter:label1\" content=\"Arvioitu lukuaika\" \/>\n\t<meta name=\"twitter:data1\" content=\"1 minuutti\" \/>\n<script type=\"application\/ld+json\" class=\"yoast-schema-graph\">{\"@context\":\"https:\\\/\\\/schema.org\",\"@graph\":[{\"@type\":\"WebPage\",\"@id\":\"https:\\\/\\\/staytostay.ee\\\/fi\\\/parkimine-ja-tingimused\\\/\",\"url\":\"https:\\\/\\\/staytostay.ee\\\/fi\\\/parkimine-ja-tingimused\\\/\",\"name\":\"EHDOT - Stay to Stay\",\"isPartOf\":{\"@id\":\"https:\\\/\\\/staytostay.ee\\\/#website\"},\"primaryImageOfPage\":{\"@id\":\"https:\\\/\\\/staytostay.ee\\\/fi\\\/parkimine-ja-tingimused\\\/#primaryimage\"},\"image\":{\"@id\":\"https:\\\/\\\/staytostay.ee\\\/fi\\\/parkimine-ja-tingimused\\\/#primaryimage\"},\"thumbnailUrl\":\"https:\\\/\\\/staytostay.ee\\\/wp-content\\\/uploads\\\/2023\\\/04\\\/Stay_to_stay_house_3-1-scaled.jpg\",\"datePublished\":\"2023-04-12T13:05:24+00:00\",\"dateModified\":\"2023-07-10T12:05:46+00:00\",\"breadcrumb\":{\"@id\":\"https:\\\/\\\/staytostay.ee\\\/fi\\\/parkimine-ja-tingimused\\\/#breadcrumb\"},\"inLanguage\":\"fi\",\"potentialAction\":[{\"@type\":\"ReadAction\",\"target\":[\"https:\\\/\\\/staytostay.ee\\\/fi\\\/parkimine-ja-tingimused\\\/\"]}]},{\"@type\":\"ImageObject\",\"inLanguage\":\"fi\",\"@id\":\"https:\\\/\\\/staytostay.ee\\\/fi\\\/parkimine-ja-tingimused\\\/#primaryimage\",\"url\":\"https:\\\/\\\/staytostay.ee\\\/wp-content\\\/uploads\\\/2023\\\/04\\\/Stay_to_stay_house_3-1-scaled.jpg\",\"contentUrl\":\"https:\\\/\\\/staytostay.ee\\\/wp-content\\\/uploads\\\/2023\\\/04\\\/Stay_to_stay_house_3-1-scaled.jpg\"},{\"@type\":\"BreadcrumbList\",\"@id\":\"https:\\\/\\\/staytostay.ee\\\/fi\\\/parkimine-ja-tingimused\\\/#breadcrumb\",\"itemListElement\":[{\"@type\":\"ListItem\",\"position\":1,\"name\":\"Home\",\"item\":\"https:\\\/\\\/staytostay.ee\\\/fi\\\/\"},{\"@type\":\"ListItem\",\"position\":2,\"name\":\"EHDOT\"}]},{\"@type\":\"WebSite\",\"@id\":\"https:\\\/\\\/staytostay.ee\\\/#website\",\"url\":\"https:\\\/\\\/staytostay.ee\\\/\",\"name\":\"Stay to Stay\",\"description\":\"\",\"potentialAction\":[{\"@type\":\"SearchAction\",\"target\":{\"@type\":\"EntryPoint\",\"urlTemplate\":\"https:\\\/\\\/staytostay.ee\\\/?s={search_term_string}\"},\"query-input\":{\"@type\":\"PropertyValueSpecification\",\"valueRequired\":true,\"valueName\":\"search_term_string\"}}],\"inLanguage\":\"fi\"}]}<\/script>\n<!-- \/ Yoast SEO plugin. -->","yoast_head_json":{"title":"EHDOT - Stay to Stay","robots":{"index":"index","follow":"follow","max-snippet":"max-snippet:-1","max-image-preview":"max-image-preview:large","max-video-preview":"max-video-preview:-1"},"canonical":"https:\/\/staytostay.ee\/fi\/parkimine-ja-tingimused\/","og_locale":"fi_FI","og_type":"article","og_title":"EHDOT - Stay to Stay","og_description":"EHDOT Huoneistot ovat k\u00e4yt\u00f6ss\u00e4si saapumisp\u00e4iv\u00e4n\u00e4 kello 15.00 alkaen aina l\u00e4ht\u00f6p\u00e4iv\u00e4n kello 12.00 saakka. Huoneistoihin p\u00e4\u00e4see kontaktivapaasti ovikoodin avulla. Ovikoodit ovat yksil\u00f6llisi\u00e4 ja ne l\u00e4hetet\u00e4\u00e4n vieraalle hetke\u00e4 ennen saapumista tekstiviestill\u00e4.&nbsp; Huoneistot ovat viihtyisi\u00e4 ja levollisia paikkoja, mutta juhlat ja tapahtumien j\u00e4rjest\u00e4minen ei ole sallittua. Huoneistot ovat savuttomia. Tupakointialue on merkitty pys\u00e4k\u00f6intikaavaan. Huoneistoissa pyydet\u00e4\u00e4n hiljaisuutta kello 22.00\u201306.00 [&hellip;]","og_url":"https:\/\/staytostay.ee\/fi\/parkimine-ja-tingimused\/","og_site_name":"Stay to Stay","article_modified_time":"2023-07-10T12:05:46+00:00","og_image":[{"url":"https:\/\/staytostay.ee\/wp-content\/uploads\/2023\/04\/Stay_to_stay_house_3-1-scaled.jpg","type":"","width":"","height":""}],"twitter_card":"summary_large_image","twitter_misc":{"Arvioitu lukuaika":"1 minuutti"},"schema":{"@context":"https:\/\/schema.org","@graph":[{"@type":"WebPage","@id":"https:\/\/staytostay.ee\/fi\/parkimine-ja-tingimused\/","url":"https:\/\/staytostay.ee\/fi\/parkimine-ja-tingimused\/","name":"EHDOT - Stay to Stay","isPartOf":{"@id":"https:\/\/staytostay.ee\/#website"},"primaryImageOfPage":{"@id":"https:\/\/staytostay.ee\/fi\/parkimine-ja-tingimused\/#primaryimage"},"image":{"@id":"https:\/\/staytostay.ee\/fi\/parkimine-ja-tingimused\/#primaryimage"},"thumbnailUrl":"https:\/\/staytostay.ee\/wp-content\/uploads\/2023\/04\/Stay_to_stay_house_3-1-scaled.jpg","datePublished":"2023-04-12T13:05:24+00:00","dateModified":"2023-07-10T12:05:46+00:00","breadcrumb":{"@id":"https:\/\/staytostay.ee\/fi\/parkimine-ja-tingimused\/#breadcrumb"},"inLanguage":"fi","potentialAction":[{"@type":"ReadAction","target":["https:\/\/staytostay.ee\/fi\/parkimine-ja-tingimused\/"]}]},{"@type":"ImageObject","inLanguage":"fi","@id":"https:\/\/staytostay.ee\/fi\/parkimine-ja-tingimused\/#primaryimage","url":"https:\/\/staytostay.ee\/wp-content\/uploads\/2023\/04\/Stay_to_stay_house_3-1-scaled.jpg","contentUrl":"https:\/\/staytostay.ee\/wp-content\/uploads\/2023\/04\/Stay_to_stay_house_3-1-scaled.jpg"},{"@type":"BreadcrumbList","@id":"https:\/\/staytostay.ee\/fi\/parkimine-ja-tingimused\/#breadcrumb","itemListElement":[{"@type":"ListItem","position":1,"name":"Home","item":"https:\/\/staytostay.ee\/fi\/"},{"@type":"ListItem","position":2,"name":"EHDOT"}]},{"@type":"WebSite","@id":"https:\/\/staytostay.ee\/#website","url":"https:\/\/staytostay.ee\/","name":"Stay to Stay","description":"","potentialAction":[{"@type":"SearchAction","target":{"@type":"EntryPoint","urlTemplate":"https:\/\/staytostay.ee\/?s={search_term_string}"},"query-input":{"@type":"PropertyValueSpecification","valueRequired":true,"valueName":"search_term_string"}}],"inLanguage":"fi"}]}},"_links":{"self":[{"href":"https:\/\/staytostay.ee\/fi\/wp-json\/wp\/v2\/pages\/1354","targetHints":{"allow":["GET"]}}],"collection":[{"href":"https:\/\/staytostay.ee\/fi\/wp-json\/wp\/v2\/pages"}],"about":[{"href":"https:\/\/staytostay.ee\/fi\/wp-json\/wp\/v2\/types\/page"}],"author":[{"embeddable":true,"href":"https:\/\/staytostay.ee\/fi\/wp-json\/wp\/v2\/users\/2"}],"replies":[{"embeddable":true,"href":"https:\/\/staytostay.ee\/fi\/wp-json\/wp\/v2\/comments?post=1354"}],"version-history":[{"count":4,"href":"https:\/\/staytostay.ee\/fi\/wp-json\/wp\/v2\/pages\/1354\/revisions"}],"predecessor-version":[{"id":1519,"href":"https:\/\/staytostay.ee\/fi\/wp-json\/wp\/v2\/pages\/1354\/revisions\/1519"}],"wp:attachment":[{"href":"https:\/\/staytostay.ee\/fi\/wp-json\/wp\/v2\/media?parent=1354"}],"curies":[{"name":"wp","href":"https:\/\/api.w.org\/{rel}","templated":true}]}}